{"id":1665,"date":"2025-11-01T08:47:50","date_gmt":"2025-11-01T08:47:50","guid":{"rendered":"https:\/\/round.be\/round-e-commerce-platform\/"},"modified":"2026-02-25T11:33:13","modified_gmt":"2026-02-25T11:33:13","slug":"round-e-commerce-platform","status":"publish","type":"page","link":"https:\/\/round.be\/nl\/round-e-commerce-platform\/","title":{"rendered":"E-commerce platform van Round"},"content":{"rendered":"\n<p class=\"has-text-align-center has-accent-2-color has-text-color has-link-color has-x-large-font-size wp-elements-89cb552d70342565265060246ebca072\"><strong>Een centrale oplossing voor de veilige uitwisseling van gegevens tussen Belgische UPV\u2019s en e-commerceplatformen<\/strong><\/p>\n\n\n\n<div style=\"height:33px\" aria-hidden=\"true\" class=\"wp-block-spacer\"><\/div>\n\n\n\n<div class=\"wp-block-uagb-buttons uagb-buttons__outer-wrap uagb-btn__extralarge-btn uagb-btn-tablet__default-btn uagb-btn-mobile__default-btn uagb-block-127e1490\"><div class=\"uagb-buttons__wrap uagb-buttons-layout-wrap \">\n<div class=\"wp-block-uagb-buttons-child uagb-buttons__outer-wrap uagb-block-c80973ef wp-block-button\"><div class=\"uagb-button__wrapper\"><a class=\"uagb-buttons-repeater wp-block-button__link\" aria-label=\"\" href=\"https:\/\/portal.register.round.be\/login\" rel=\"follow noopener\" target=\"_blank\" role=\"button\"><div class=\"uagb-button__link\">Naar het platform<\/div><span class=\"uagb-button__icon uagb-button__icon-position-after\"><svg xmlns=\"https:\/\/www.w3.org\/2000\/svg\" viewBox=\"0 0 448 512\" aria-hidden=\"true\" focussable=\"false\"><path d=\"M438.6 278.6l-160 160C272.4 444.9 264.2 448 256 448s-16.38-3.125-22.62-9.375c-12.5-12.5-12.5-32.75 0-45.25L338.8 288H32C14.33 288 .0016 273.7 .0016 256S14.33 224 32 224h306.8l-105.4-105.4c-12.5-12.5-12.5-32.75 0-45.25s32.75-12.5 45.25 0l160 160C451.1 245.9 451.1 266.1 438.6 278.6z\"><\/path><\/svg><\/span><\/a><\/div><\/div>\n<\/div><\/div>\n\n\n\n<div style=\"height:42px\" aria-hidden=\"true\" class=\"wp-block-spacer\"><\/div>\n\n\n\n<div class=\"wp-block-group has-global-padding is-layout-constrained wp-block-group-is-layout-constrained\">\n<div class=\"wp-block-columns is-layout-flex wp-container-core-columns-is-layout-28f84493 wp-block-columns-is-layout-flex\">\n<div class=\"wp-block-column is-layout-flow wp-block-column-is-layout-flow\" style=\"flex-basis:33.33%\">\n<div class=\"wp-block-uagb-image aligncenter uagb-block-5db6e0f6 wp-block-uagb-image--layout-default wp-block-uagb-image--effect-static wp-block-uagb-image--align-center\"><figure class=\"wp-block-uagb-image__figure\"><img decoding=\"async\" srcset=\"https:\/\/round.be\/wp-content\/uploads\/2025\/11\/Design-sans-titre.png ,https:\/\/round.be\/wp-content\/uploads\/2025\/11\/Design-sans-titre.png 780w, https:\/\/round.be\/wp-content\/uploads\/2025\/11\/Design-sans-titre.png 360w\" sizes=\"auto, (max-width: 480px) 150px\" src=\"https:\/\/round.be\/wp-content\/uploads\/2025\/11\/Design-sans-titre.png\" alt=\"\" class=\"uag-image-1684\" width=\"800\" height=\"800\" title=\"Design sans titre\" loading=\"lazy\" role=\"img\"\/><\/figure><\/div>\n<\/div>\n\n\n\n<div class=\"wp-block-column is-vertically-aligned-center is-layout-flow wp-block-column-is-layout-flow\" style=\"flex-basis:66.66%\">\n<p class=\"has-x-large-font-size\"><strong><strong>Makkelijker voldoen aan de verplichtingen<\/strong><\/strong><\/p>\n\n\n\n<p class=\"has-contrast-color has-text-color has-link-color wp-elements-b53d6057e04d901c0c42b7c4f5d9e1cd\">Het e-commerceplatform van Round is een nationale oplossing die tot doel heeft de geautomatiseerde, veilige en gerichte uitwisseling van administratieve gegevens tussen Belgische organisaties voor uitgebreide producentenverantwoordelijkheid (UPV\/PRO) en online marktplaatsen te vergemakkelijken.<\/p>\n\n\n\n<p class=\"has-contrast-color has-text-color has-link-color wp-elements-6dd05cd142cd34fa63fea0742ef52bc0\">Met dit systeem voldoen economische operatoren op een effici\u00ebnte manier aan de wettelijke verplichtingen inzake producentenverantwoordelijkheid, zoals vastgelegd in de Vlarema (Vlaanderen) en het Interregionaal Samenwerkingsakkoord voor UPV, met respect voor de vertrouwelijkheid van de gegevens.<\/p>\n<\/div>\n<\/div>\n<\/div>\n\n\n\n<div class=\"wp-block-group has-global-padding is-layout-constrained wp-block-group-is-layout-constrained\">\n<div class=\"wp-block-columns is-layout-flex wp-container-core-columns-is-layout-28f84493 wp-block-columns-is-layout-flex\">\n<div class=\"wp-block-column is-vertically-aligned-center is-layout-flow wp-block-column-is-layout-flow\" style=\"flex-basis:66.66%\">\n<p class=\"has-x-large-font-size\"><strong>Doelstellingen van het platform<\/strong><\/p>\n\n\n\n<ul class=\"wp-block-list\">\n<li>Vereenvoudigde naleving: onmiddellijke verificatie van het lidmaatschap van verkopers en producenten.<\/li>\n\n\n\n<li>Gegevensbescherming: geen persoonlijke gegevens worden gedeeld, alle verzoeken worden geanonimiseerd.<\/li>\n\n\n\n<li>Digitale effici\u00ebntie: \u00e9\u00e9n enkele connector via interface of API om verificaties te automatiseren..<\/li>\n<\/ul>\n<\/div>\n\n\n\n<div class=\"wp-block-column is-layout-flow wp-block-column-is-layout-flow\" style=\"flex-basis:33.33%\">\n<div class=\"wp-block-uagb-image uagb-block-e7cbe0db wp-block-uagb-image--layout-default wp-block-uagb-image--effect-static wp-block-uagb-image--align-none\"><figure class=\"wp-block-uagb-image__figure\"><img decoding=\"async\" srcset=\"https:\/\/round.be\/wp-content\/uploads\/2025\/11\/Design-sans-titre-1.png ,https:\/\/round.be\/wp-content\/uploads\/2025\/11\/Design-sans-titre-1.png 780w, https:\/\/round.be\/wp-content\/uploads\/2025\/11\/Design-sans-titre-1.png 360w\" sizes=\"auto, (max-width: 480px) 150px\" src=\"https:\/\/round.be\/wp-content\/uploads\/2025\/11\/Design-sans-titre-1.png\" alt=\"\" class=\"uag-image-1711\" width=\"800\" height=\"800\" title=\"Design sans titre (1)\" loading=\"lazy\" role=\"img\"\/><\/figure><\/div>\n<\/div>\n<\/div>\n<\/div>\n\n\n\n<div class=\"wp-block-uagb-info-box uagb-block-36430b51 uagb-infobox__content-wrap  uagb-infobox-icon-below-title uagb-infobox-image-valign-top\"><div class=\"uagb-ifb-content\"><div class=\"uagb-ifb-title-wrap\"><h3 class=\"uagb-ifb-title\">Hoe werkt het?<\/h3><\/div><p class=\"uagb-ifb-desc\">Marktplaatsen kunnen het systeem raadplegen via een BTW-nummer of een lidmaatschapsnummer.<br>Het e-commerceplatform van Round geeft alleen de essenti\u00eble informatie weer: Europees BTW-nummer, UPV-code, lidmaatschapsnummer van de producent, productcategorie en geldigheidsduur van het lidmaatschap.<\/p><\/div><\/div>\n\n\n\n<div class=\"wp-block-uagb-container uagb-block-cb8e40dd alignfull uagb-is-root-container\"><div class=\"uagb-container-inner-blocks-wrap\">\n<p class=\"has-accent-2-color has-text-color has-link-color has-urbanist-font-family has-x-large-font-size wp-elements-796f7edcca9d1fceef240a7feae9a788\" style=\"border-style:none;border-width:0px;padding-top:0;padding-bottom:0\"><strong>Strenge beveiliging en toegangscontrole<\/strong><\/p>\n\n\n\n<p>De toegang tot het e-commerceplatform van Round is strikt gereglementeerd:<\/p>\n\n\n\n<ul class=\"wp-block-list\">\n<li>UPV\u2019s kunnen alleen hun eigen gegevens beheren;<\/li>\n\n\n\n<li>platformen kunnen alleen het systeem raadplegen om een lidmaatschap te controleren;<\/li>\n\n\n\n<li>niemand kan de volledige database downloaden.<\/li>\n<\/ul>\n\n\n\n<p class=\"has-text-align-left\">Alle verbindingen worden geauthenticeerd, versleuteld en geregistreerd voor auditdoeleinden, zonder afbreuk te doen aan het beleid van gegevensminimalisatie.encrypted and logged for auditing purposes, without compromising the data minimisation policy.<\/p>\n<\/div><\/div>\n\n\n\n<div class=\"wp-block-uagb-container uagb-block-d936e00a alignfull uagb-is-root-container\"><div class=\"uagb-container-inner-blocks-wrap\">\n<div class=\"wp-block-uagb-container uagb-block-7735f744\">\n<div class=\"wp-block-uagb-image uagb-block-27b9d2ce wp-block-uagb-image--layout-default wp-block-uagb-image--effect-static wp-block-uagb-image--align-none\"><figure class=\"wp-block-uagb-image__figure\"><img decoding=\"async\" srcset=\"https:\/\/round.be\/wp-content\/uploads\/2025\/11\/Design-sans-titre-2.png ,https:\/\/round.be\/wp-content\/uploads\/2025\/11\/Design-sans-titre-2.png 780w, https:\/\/round.be\/wp-content\/uploads\/2025\/11\/Design-sans-titre-2.png 360w\" sizes=\"auto, (max-width: 480px) 150px\" src=\"https:\/\/round.be\/wp-content\/uploads\/2025\/11\/Design-sans-titre-2.png\" alt=\"\" class=\"uag-image-1708\" width=\"800\" height=\"800\" title=\"Design sans titre (2)\" loading=\"lazy\" role=\"img\"\/><\/figure><\/div>\n<\/div>\n\n\n\n<div class=\"wp-block-uagb-container uagb-block-437d5065\">\n<p class=\"has-text-align-left has-x-large-font-size\"><strong>Een hulpmiddel voor alle spelers op de Belgische markt<\/strong><\/p>\n\n\n\n<ul class=\"wp-block-list\">\n<li>Voor UPV\u2019s: een uniform en beveiligd kanaal om hun gegevens te verspreiden en lidmaatschappen te controleren.<\/li>\n\n\n\n<li>Voor online marktplaatsen: een geautomatiseerde verificatie, zonder manipulatie van gevoelige gegevens.<\/li>\n\n\n\n<li>Voor de overheid: een transparante en interoperabele oplossing die nationale naleving ondersteunt.<\/li>\n<\/ul>\n<\/div>\n<\/div><\/div>\n\n\n\n<div style=\"height:36px\" aria-hidden=\"true\" class=\"wp-block-spacer\"><\/div>\n\n\n\n<div class=\"wp-block-uagb-buttons uagb-buttons__outer-wrap uagb-btn__extralarge-btn uagb-btn-tablet__default-btn uagb-btn-mobile__default-btn uagb-block-c6c91d0b\"><div class=\"uagb-buttons__wrap uagb-buttons-layout-wrap \">\n<div class=\"wp-block-uagb-buttons-child uagb-buttons__outer-wrap uagb-block-b27a3ef5 wp-block-button\"><div class=\"uagb-button__wrapper\"><a class=\"uagb-buttons-repeater wp-block-button__link\" aria-label=\"\" href=\"https:\/\/portal.register.round.be\/login\" rel=\"follow noopener\" target=\"_blank\" role=\"button\"><div class=\"uagb-button__link\">Naar het platform<\/div><span class=\"uagb-button__icon uagb-button__icon-position-after\"><svg xmlns=\"https:\/\/www.w3.org\/2000\/svg\" viewBox=\"0 0 448 512\" aria-hidden=\"true\" focussable=\"false\"><path d=\"M438.6 278.6l-160 160C272.4 444.9 264.2 448 256 448s-16.38-3.125-22.62-9.375c-12.5-12.5-12.5-32.75 0-45.25L338.8 288H32C14.33 288 .0016 273.7 .0016 256S14.33 224 32 224h306.8l-105.4-105.4c-12.5-12.5-12.5-32.75 0-45.25s32.75-12.5 45.25 0l160 160C451.1 245.9 451.1 266.1 438.6 278.6z\"><\/path><\/svg><\/span><\/a><\/div><\/div>\n\n\n\n<div class=\"wp-block-uagb-buttons-child uagb-buttons__outer-wrap uagb-block-0532c5cc wp-block-button\"><div class=\"uagb-button__wrapper\"><a class=\"uagb-buttons-repeater wp-block-button__link\" aria-label=\"\" href=\"https:\/\/round.be\/nl\/faqs-e-commerce-platform\/\" rel=\"follow noopener\" target=\"_blank\" role=\"button\"><div class=\"uagb-button__link\">Naar onze FAQ&#8217;s<\/div><span class=\"uagb-button__icon uagb-button__icon-position-after\"><svg xmlns=\"https:\/\/www.w3.org\/2000\/svg\" viewBox=\"0 0 448 512\" aria-hidden=\"true\" focussable=\"false\"><path d=\"M438.6 278.6l-160 160C272.4 444.9 264.2 448 256 448s-16.38-3.125-22.62-9.375c-12.5-12.5-12.5-32.75 0-45.25L338.8 288H32C14.33 288 .0016 273.7 .0016 256S14.33 224 32 224h306.8l-105.4-105.4c-12.5-12.5-12.5-32.75 0-45.25s32.75-12.5 45.25 0l160 160C451.1 245.9 451.1 266.1 438.6 278.6z\"><\/path><\/svg><\/span><\/a><\/div><\/div>\n<\/div><\/div>\n\n\n\n<div style=\"height:40px\" aria-hidden=\"true\" class=\"wp-block-spacer\"><\/div>\n\n\n\n<div class=\"wp-block-uagb-blockquote uagb-block-ca1c8053 uagb-blockquote__skin-border uagb-blockquote__with-tweet uagb-blockquote__tweet-style-classic uagb-blockquote__tweet-icon_text uagb-blockquote__stack-img-none\"><blockquote class=\"uagb-blockquote\"><div class=\"uagb-blockquote__content\"><strong>Een initiatief ten dienste van conformiteit en transparantie<\/strong><br>Het e-commerceplatform van Round toont aan dat de Belgische sector zich inzet voor een digitale circulaire economie die gebaseerd is op samenwerking, veiligheid en administratieve vereenvoudiging.<br>Het vormt een essenti\u00eble hefboom om de naleving van milieunormen te versterken en tegelijkertijd het concurrentievermogen van de onlinehandel te ondersteunen.<\/div><footer><div class=\"uagb-blockquote__author-wrap uagb-blockquote__author-at-left\"><cite class=\"uagb-blockquote__author\">Francis Huysman, voorzitter van Round <\/cite><\/div><a href=\"\/\" class=\"uagb-blockquote__tweet-button\" target=\"_blank\" rel=\"noopener noreferrer\"><svg width=\"20\" height=\"20\" viewBox=\"0 0 512 512\"><path d=\"M459.37 151.716c.325 4.548.325 9.097.325 13.645 0 138.72-105.583 298.558-298.558 298.558-59.452 0-114.68-17.219-161.137-47.106 8.447.974 16.568 1.299 25.34 1.299 49.055 0 94.213-16.568 130.274-44.832-46.132-.975-84.792-31.188-98.112-72.772 6.498.974 12.995 1.624 19.818 1.624 9.421 0 18.843-1.3 27.614-3.573-48.081-9.747-84.143-51.98-84.143-102.985v-1.299c13.969 7.797 30.214 12.67 47.431 13.319-28.264-18.843-46.781-51.005-46.781-87.391 0-19.492 5.197-37.36 14.294-52.954 51.655 63.675 129.3 105.258 216.365 109.807-1.624-7.797-2.599-15.918-2.599-24.04 0-57.828 46.782-104.934 104.934-104.934 30.213 0 57.502 12.67 76.67 33.137 23.715-4.548 46.456-13.32 66.599-25.34-7.798 24.366-24.366 44.833-46.132 57.827 21.117-2.273 41.584-8.122 60.426-16.243-14.292 20.791-32.161 39.308-52.628 54.253z\"><\/path><\/svg>Tweet<\/a><\/footer><\/blockquote><\/div>\n","protected":false},"excerpt":{"rendered":"<p>Een centrale oplossing voor de veilige uitwisseling van gegevens tussen Belgische UPV\u2019s en e-commerceplatformen Makkelijker voldoen aan de verplichtingen Het e-commerceplatform van Round is een nationale oplossing die tot doel heeft de geautomatiseerde, veilige en gerichte uitwisseling van administratieve gegevens tussen Belgische organisaties voor uitgebreide producentenverantwoordelijkheid (UPV\/PRO) en online marktplaatsen te vergemakkelijken. Met dit systeem [&hellip;]<\/p>\n","protected":false},"author":2,"featured_media":1693,"parent":0,"menu_order":0,"comment_status":"closed","ping_status":"closed","template":"","meta":{"_acf_changed":false,"_uag_custom_page_level_css":"","footnotes":""},"class_list":["post-1665","page","type-page","status-publish","has-post-thumbnail","hentry"],"acf":[],"yoast_head":"<!-- This site is optimized with the Yoast SEO plugin v27.5 - https:\/\/yoast.com\/product\/yoast-seo-wordpress\/ -->\n<title>E-commerce platform van Round - Round<\/title>\n<meta name=\"robots\" content=\"index, follow, max-snippet:-1, max-image-preview:large, max-video-preview:-1\" \/>\n<link rel=\"canonical\" href=\"https:\/\/round.be\/nl\/round-e-commerce-platform\/\" \/>\n<meta property=\"og:locale\" content=\"nl_NL\" \/>\n<meta property=\"og:type\" content=\"article\" \/>\n<meta property=\"og:title\" content=\"E-commerce platform van Round - Round\" \/>\n<meta property=\"og:description\" content=\"Een centrale oplossing voor de veilige uitwisseling van gegevens tussen Belgische UPV\u2019s en e-commerceplatformen Makkelijker voldoen aan de verplichtingen Het e-commerceplatform van Round is een nationale oplossing die tot doel heeft de geautomatiseerde, veilige en gerichte uitwisseling van administratieve gegevens tussen Belgische organisaties voor uitgebreide producentenverantwoordelijkheid (UPV\/PRO) en online marktplaatsen te vergemakkelijken. Met dit systeem [&hellip;]\" \/>\n<meta property=\"og:url\" content=\"https:\/\/round.be\/nl\/round-e-commerce-platform\/\" \/>\n<meta property=\"og:site_name\" content=\"Round\" \/>\n<meta property=\"article:modified_time\" content=\"2026-02-25T11:33:13+00:00\" \/>\n<meta property=\"og:image\" content=\"https:\/\/round.be\/wp-content\/uploads\/2025\/11\/E-commerce-header-1.png\" \/>\n\t<meta property=\"og:image:width\" content=\"800\" \/>\n\t<meta property=\"og:image:height\" content=\"200\" \/>\n\t<meta property=\"og:image:type\" content=\"image\/png\" \/>\n<meta name=\"twitter:card\" content=\"summary_large_image\" \/>\n<meta name=\"twitter:label1\" content=\"Geschatte leestijd\" \/>\n\t<meta name=\"twitter:data1\" content=\"3 minuten\" \/>\n<script type=\"application\/ld+json\" class=\"yoast-schema-graph\">{\"@context\":\"https:\\\/\\\/schema.org\",\"@graph\":[{\"@type\":\"WebPage\",\"@id\":\"https:\\\/\\\/round.be\\\/nl\\\/round-e-commerce-platform\\\/\",\"url\":\"https:\\\/\\\/round.be\\\/nl\\\/round-e-commerce-platform\\\/\",\"name\":\"E-commerce platform van Round - Round\",\"isPartOf\":{\"@id\":\"https:\\\/\\\/round.be\\\/nl\\\/#website\"},\"primaryImageOfPage\":{\"@id\":\"https:\\\/\\\/round.be\\\/nl\\\/round-e-commerce-platform\\\/#primaryimage\"},\"image\":{\"@id\":\"https:\\\/\\\/round.be\\\/nl\\\/round-e-commerce-platform\\\/#primaryimage\"},\"thumbnailUrl\":\"https:\\\/\\\/round.be\\\/wp-content\\\/uploads\\\/2025\\\/11\\\/E-commerce-header-1.png\",\"datePublished\":\"2025-11-01T08:47:50+00:00\",\"dateModified\":\"2026-02-25T11:33:13+00:00\",\"breadcrumb\":{\"@id\":\"https:\\\/\\\/round.be\\\/nl\\\/round-e-commerce-platform\\\/#breadcrumb\"},\"inLanguage\":\"nl-NL\",\"potentialAction\":[{\"@type\":\"ReadAction\",\"target\":[\"https:\\\/\\\/round.be\\\/nl\\\/round-e-commerce-platform\\\/\"]}]},{\"@type\":\"ImageObject\",\"inLanguage\":\"nl-NL\",\"@id\":\"https:\\\/\\\/round.be\\\/nl\\\/round-e-commerce-platform\\\/#primaryimage\",\"url\":\"https:\\\/\\\/round.be\\\/wp-content\\\/uploads\\\/2025\\\/11\\\/E-commerce-header-1.png\",\"contentUrl\":\"https:\\\/\\\/round.be\\\/wp-content\\\/uploads\\\/2025\\\/11\\\/E-commerce-header-1.png\",\"width\":800,\"height\":200},{\"@type\":\"BreadcrumbList\",\"@id\":\"https:\\\/\\\/round.be\\\/nl\\\/round-e-commerce-platform\\\/#breadcrumb\",\"itemListElement\":[{\"@type\":\"ListItem\",\"position\":1,\"name\":\"Home\",\"item\":\"https:\\\/\\\/round.be\\\/nl\\\/\"},{\"@type\":\"ListItem\",\"position\":2,\"name\":\"E-commerce platform van Round\"}]},{\"@type\":\"WebSite\",\"@id\":\"https:\\\/\\\/round.be\\\/nl\\\/#website\",\"url\":\"https:\\\/\\\/round.be\\\/nl\\\/\",\"name\":\"Round\",\"description\":\"\",\"publisher\":{\"@id\":\"https:\\\/\\\/round.be\\\/nl\\\/#organization\"},\"potentialAction\":[{\"@type\":\"SearchAction\",\"target\":{\"@type\":\"EntryPoint\",\"urlTemplate\":\"https:\\\/\\\/round.be\\\/nl\\\/?s={search_term_string}\"},\"query-input\":{\"@type\":\"PropertyValueSpecification\",\"valueRequired\":true,\"valueName\":\"search_term_string\"}}],\"inLanguage\":\"nl-NL\"},{\"@type\":\"Organization\",\"@id\":\"https:\\\/\\\/round.be\\\/nl\\\/#organization\",\"name\":\"Round\",\"url\":\"https:\\\/\\\/round.be\\\/nl\\\/\",\"logo\":{\"@type\":\"ImageObject\",\"inLanguage\":\"nl-NL\",\"@id\":\"https:\\\/\\\/round.be\\\/nl\\\/#\\\/schema\\\/logo\\\/image\\\/\",\"url\":\"https:\\\/\\\/round.be\\\/wp-content\\\/uploads\\\/2024\\\/02\\\/5d61fbf0a075c870cbbe38f290a36dd8.png\",\"contentUrl\":\"https:\\\/\\\/round.be\\\/wp-content\\\/uploads\\\/2024\\\/02\\\/5d61fbf0a075c870cbbe38f290a36dd8.png\",\"width\":1879,\"height\":689,\"caption\":\"Round\"},\"image\":{\"@id\":\"https:\\\/\\\/round.be\\\/nl\\\/#\\\/schema\\\/logo\\\/image\\\/\"}}]}<\/script>\n<!-- \/ Yoast SEO plugin. -->","yoast_head_json":{"title":"E-commerce platform van Round - Round","robots":{"index":"index","follow":"follow","max-snippet":"max-snippet:-1","max-image-preview":"max-image-preview:large","max-video-preview":"max-video-preview:-1"},"canonical":"https:\/\/round.be\/nl\/round-e-commerce-platform\/","og_locale":"nl_NL","og_type":"article","og_title":"E-commerce platform van Round - Round","og_description":"Een centrale oplossing voor de veilige uitwisseling van gegevens tussen Belgische UPV\u2019s en e-commerceplatformen Makkelijker voldoen aan de verplichtingen Het e-commerceplatform van Round is een nationale oplossing die tot doel heeft de geautomatiseerde, veilige en gerichte uitwisseling van administratieve gegevens tussen Belgische organisaties voor uitgebreide producentenverantwoordelijkheid (UPV\/PRO) en online marktplaatsen te vergemakkelijken. Met dit systeem [&hellip;]","og_url":"https:\/\/round.be\/nl\/round-e-commerce-platform\/","og_site_name":"Round","article_modified_time":"2026-02-25T11:33:13+00:00","og_image":[{"width":800,"height":200,"url":"https:\/\/round.be\/wp-content\/uploads\/2025\/11\/E-commerce-header-1.png","type":"image\/png"}],"twitter_card":"summary_large_image","twitter_misc":{"Geschatte leestijd":"3 minuten"},"schema":{"@context":"https:\/\/schema.org","@graph":[{"@type":"WebPage","@id":"https:\/\/round.be\/nl\/round-e-commerce-platform\/","url":"https:\/\/round.be\/nl\/round-e-commerce-platform\/","name":"E-commerce platform van Round - Round","isPartOf":{"@id":"https:\/\/round.be\/nl\/#website"},"primaryImageOfPage":{"@id":"https:\/\/round.be\/nl\/round-e-commerce-platform\/#primaryimage"},"image":{"@id":"https:\/\/round.be\/nl\/round-e-commerce-platform\/#primaryimage"},"thumbnailUrl":"https:\/\/round.be\/wp-content\/uploads\/2025\/11\/E-commerce-header-1.png","datePublished":"2025-11-01T08:47:50+00:00","dateModified":"2026-02-25T11:33:13+00:00","breadcrumb":{"@id":"https:\/\/round.be\/nl\/round-e-commerce-platform\/#breadcrumb"},"inLanguage":"nl-NL","potentialAction":[{"@type":"ReadAction","target":["https:\/\/round.be\/nl\/round-e-commerce-platform\/"]}]},{"@type":"ImageObject","inLanguage":"nl-NL","@id":"https:\/\/round.be\/nl\/round-e-commerce-platform\/#primaryimage","url":"https:\/\/round.be\/wp-content\/uploads\/2025\/11\/E-commerce-header-1.png","contentUrl":"https:\/\/round.be\/wp-content\/uploads\/2025\/11\/E-commerce-header-1.png","width":800,"height":200},{"@type":"BreadcrumbList","@id":"https:\/\/round.be\/nl\/round-e-commerce-platform\/#breadcrumb","itemListElement":[{"@type":"ListItem","position":1,"name":"Home","item":"https:\/\/round.be\/nl\/"},{"@type":"ListItem","position":2,"name":"E-commerce platform van Round"}]},{"@type":"WebSite","@id":"https:\/\/round.be\/nl\/#website","url":"https:\/\/round.be\/nl\/","name":"Round","description":"","publisher":{"@id":"https:\/\/round.be\/nl\/#organization"},"potentialAction":[{"@type":"SearchAction","target":{"@type":"EntryPoint","urlTemplate":"https:\/\/round.be\/nl\/?s={search_term_string}"},"query-input":{"@type":"PropertyValueSpecification","valueRequired":true,"valueName":"search_term_string"}}],"inLanguage":"nl-NL"},{"@type":"Organization","@id":"https:\/\/round.be\/nl\/#organization","name":"Round","url":"https:\/\/round.be\/nl\/","logo":{"@type":"ImageObject","inLanguage":"nl-NL","@id":"https:\/\/round.be\/nl\/#\/schema\/logo\/image\/","url":"https:\/\/round.be\/wp-content\/uploads\/2024\/02\/5d61fbf0a075c870cbbe38f290a36dd8.png","contentUrl":"https:\/\/round.be\/wp-content\/uploads\/2024\/02\/5d61fbf0a075c870cbbe38f290a36dd8.png","width":1879,"height":689,"caption":"Round"},"image":{"@id":"https:\/\/round.be\/nl\/#\/schema\/logo\/image\/"}}]}},"uagb_featured_image_src":{"full":["https:\/\/round.be\/wp-content\/uploads\/2025\/11\/E-commerce-header-1.png",800,200,false],"thumbnail":["https:\/\/round.be\/wp-content\/uploads\/2025\/11\/E-commerce-header-1-150x150.png",150,150,true],"medium":["https:\/\/round.be\/wp-content\/uploads\/2025\/11\/E-commerce-header-1-300x75.png",300,75,true],"medium_large":["https:\/\/round.be\/wp-content\/uploads\/2025\/11\/E-commerce-header-1-768x192.png",768,192,true],"large":["https:\/\/round.be\/wp-content\/uploads\/2025\/11\/E-commerce-header-1.png",800,200,false],"1536x1536":["https:\/\/round.be\/wp-content\/uploads\/2025\/11\/E-commerce-header-1.png",800,200,false],"2048x2048":["https:\/\/round.be\/wp-content\/uploads\/2025\/11\/E-commerce-header-1.png",800,200,false]},"uagb_author_info":{"display_name":"Ingrid Bouchez","author_link":"https:\/\/round.be\/nl\/author\/ingrid-bouchez\/"},"uagb_comment_info":0,"uagb_excerpt":"Een centrale oplossing voor de veilige uitwisseling van gegevens tussen Belgische UPV\u2019s en e-commerceplatformen Makkelijker voldoen aan de verplichtingen Het e-commerceplatform van Round is een nationale oplossing die tot doel heeft de geautomatiseerde, veilige en gerichte uitwisseling van administratieve gegevens tussen Belgische organisaties voor uitgebreide producentenverantwoordelijkheid (UPV\/PRO) en online marktplaatsen te vergemakkelijken. Met dit systeem&hellip;","_links":{"self":[{"href":"https:\/\/round.be\/nl\/wp-json\/wp\/v2\/pages\/1665","targetHints":{"allow":["GET"]}}],"collection":[{"href":"https:\/\/round.be\/nl\/wp-json\/wp\/v2\/pages"}],"about":[{"href":"https:\/\/round.be\/nl\/wp-json\/wp\/v2\/types\/page"}],"author":[{"embeddable":true,"href":"https:\/\/round.be\/nl\/wp-json\/wp\/v2\/users\/2"}],"replies":[{"embeddable":true,"href":"https:\/\/round.be\/nl\/wp-json\/wp\/v2\/comments?post=1665"}],"version-history":[{"count":9,"href":"https:\/\/round.be\/nl\/wp-json\/wp\/v2\/pages\/1665\/revisions"}],"predecessor-version":[{"id":2308,"href":"https:\/\/round.be\/nl\/wp-json\/wp\/v2\/pages\/1665\/revisions\/2308"}],"wp:featuredmedia":[{"embeddable":true,"href":"https:\/\/round.be\/nl\/wp-json\/wp\/v2\/media\/1693"}],"wp:attachment":[{"href":"https:\/\/round.be\/nl\/wp-json\/wp\/v2\/media?parent=1665"}],"curies":[{"name":"wp","href":"https:\/\/api.w.org\/{rel}","templated":true}]}}