{"id":994,"date":"2024-02-04T19:38:33","date_gmt":"2024-02-04T19:38:33","guid":{"rendered":"https:\/\/round.dev.agifly.cloud\/privacy-policy\/"},"modified":"2024-02-13T18:28:23","modified_gmt":"2024-02-13T18:28:23","slug":"confidentialite","status":"publish","type":"page","link":"https:\/\/round.be\/fr-be\/confidentialite\/","title":{"rendered":"Politique de confidentialit\u00e9"},"content":{"rendered":"\n<p><strong>Disclaimer: Cette version est une traduction de la version n\u00e9erlandaise. En cas de diff\u00e9rences ou d\u2019incoh\u00e9rences entre les deux versions, la version n\u00e9erlandaise pr\u00e9vaut .<\/strong><\/p>\n\n\n\n<p>Ce site internet ou cette application (\u00ab&nbsp;<strong>Site internet<\/strong>\u00ab&nbsp;) est une initiative de Round, association sans but lucratif de droit belge. En visitant et\/ou utilisant le Site internet, chaque visiteur ou utilisateur (\u00ab&nbsp;<strong>Visiteur<\/strong>,&nbsp;<strong>Utilisateur<\/strong>,&nbsp;<strong>Vous<\/strong>&nbsp;\u00bb) transmet des donn\u00e9es personnelles tel que d\u00e9crit ci-dessous. Round est responsable du traitement des donn\u00e9es personnelles rassembl\u00e9es via le Site internet.<\/p>\n\n\n\n<p>Round met tout en \u0153uvre pour rassembler et traiter vos donn\u00e9es personnelles dans le respect du cadre juridique applicable, tel que d\u00e9fini par la loi belge sur la protection de la vie priv\u00e9e du 8 d\u00e9cembre 1992 et le R\u00e8glement europ\u00e9en sur la Protection des Donn\u00e9es Personnelles n\u00b0 2016\/679 du 27 avril 2016 (\u00ab&nbsp;<strong>RGPD<\/strong>&nbsp;\u00bb).<\/p>\n\n\n\n<p>Vous d\u00e9clarez avoir pris connaissance de cette Politique de Confidentialit\u00e9 et Politique de Cookies (\u00ab&nbsp;<strong>Politique<\/strong>&nbsp;\u00bb&nbsp;), et acceptez ce faisant le traitement de vos donn\u00e9es personnelles tel que d\u00e9crit ci-dessous.<\/p>\n\n\n\n<p>Cette politique s\u2019applique aux modifications et changements qui seront effectu\u00e9s \u00e0 l\u2019avenir par Round. Round communiquera clairement ces modifications ou changements pour que vous puissiez explicitement marquer votre accord. Le Visiteur ou Utilisateur est tenu de consulter r\u00e9guli\u00e8rement cette Politique.<\/p>\n\n\n\n<p><strong>1. Qui traite vos donn\u00e9es personnelles ?<\/strong><\/p>\n\n\n\n<p>Round est responsable du traitement des donn\u00e9es. Round fait en outre appel \u00e0 des sous-traitants qui traitent vos donn\u00e9es personnelles pour le compte de Round et qui assurent un fonctionnement optimal du Site internet.<\/p>\n\n\n\n<p>Round fait appel aux types de sous-traitants suivants pour la gestion du Site Internet :<\/p>\n\n\n\n<ul class=\"wp-block-list\">\n<li>h\u00e9bergement ou cr\u00e9ation du Site internet<\/li>\n\n\n\n<li>collecte et affichage de statistiques relatives au Site internet<\/li>\n\n\n\n<li>e-mailmarketing et autres services li\u00e9s \u00e0 la communication<\/li>\n<\/ul>\n\n\n\n<p><strong>2. Dans quel but vos donn\u00e9es personnelles sont-elles trait\u00e9es ?<\/strong><\/p>\n\n\n\n<p>Round collecte et traite vos donn\u00e9es personnelles dans le but de vous assurer une navigation s\u00e9curis\u00e9e, optimale et personnalis\u00e9e sur le Site internet. Le traitement des donn\u00e9es est essentiel au bon fonctionnement du Site internet et de ses services connexes. Il est effectu\u00e9 aux fins suivantes et \u00e0 des fins similaires :<\/p>\n\n\n\n<ul class=\"wp-block-list\">\n<li>Donner \u00e0 l\u2019Utilisateur acc\u00e8s \u00e0 son profil personnel afin d\u2019effectuer des actions sur notre Site internet<\/li>\n\n\n\n<li>Fournir un service g\u00e9n\u00e9ral et personnalis\u00e9,<\/li>\n\n\n\n<li>Envoyer des communications \u00e0 caract\u00e8re commercial ou non commercial,<\/li>\n\n\n\n<li>Informer sur les activit\u00e9s et services de Round,<\/li>\n\n\n\n<li>Contr\u00f4ler les d\u00e9clarations et effectuer le paiement des primes le cas \u00e9ch\u00e9ant,<\/li>\n\n\n\n<li>G\u00e9rer les clients, fournisseurs et autres partenaires professionnels,<\/li>\n\n\n\n<li>Fournir une assistance en cas de questions ou remarques,<\/li>\n\n\n\n<li>Assurer le suivi des plaintes relatives au fonctionnement de notre Site internet,<\/li>\n\n\n\n<li>R\u00e9aliser des analyses et des rapports,<\/li>\n\n\n\n<li>Effectuer des audits sur des chiffres pertinents,<\/li>\n\n\n\n<li>Annoncer des \u00e9v\u00e9nements et enregistrer les inscriptions \u00e0 ces \u00e9v\u00e9nements,<\/li>\n\n\n\n<li>Promouvoir notre collaboration avec vous<\/li>\n\n\n\n<li>D\u00e9tecter et pr\u00e9venir toute menace de fraude, erreur, comportement criminel ou ill\u00e9gal et\/ou toute autre manipulation qui va \u00e0 l\u2019encontre des conditions de notre Site internet.<\/li>\n<\/ul>\n\n\n\n<p>Round traite et conserve vos donn\u00e9es personnelles aussi longtemps que n\u00e9cessaire pour atteindre les buts d\u00e9crits ci-dessus.<\/p>\n\n\n\n<p><strong>3. Pour quels motifs vos donn\u00e9es personnelles sont-elles trait\u00e9es ?<\/strong><\/p>\n\n\n\n<p>Round traite vos donn\u00e9es personnelles collect\u00e9es via le Site internet pour les motifs suivants : (i) votre accord avec cette Politique et\/ou (ii) la pr\u00e9paration et l\u2019ex\u00e9cution du contrat conclu entre Round et vous par l\u2019interm\u00e9diaire de ce Site internet (iii) remplir nos obligations l\u00e9gales, et\/ou (iv) la promotion de l\u2019int\u00e9r\u00eat l\u00e9gitime de Round, comme la r\u00e9alisation d\u2019actions de marketing direct, la pr\u00e9vention de fraudes, la gestion de l\u2019administration interne ou le maintien d\u2019une s\u00e9curit\u00e9 adapt\u00e9e du r\u00e9seau et des informations.<\/p>\n\n\n\n<p><strong>4. De quelle mani\u00e8re vos donn\u00e9es personnelles sont-elles trait\u00e9es ?<\/strong><\/p>\n\n\n\n<p>Vos donn\u00e9es personnelles sont obtenues d\u2019une part par votre intervention, par exemple lors de la cr\u00e9ation de votre profil ou de l\u2019utilisation de formulaires en ligne et, d\u2019autre part, par diff\u00e9rents moyens techniques utilis\u00e9s par le Site internet pour optimaliser la navigation de l\u2019Utilisateur et du Visiteur ainsi que pour d\u00e9tecter des \u00e9ventuelles erreurs (techniques) sur le Site internet, comme les cookies (voir article 7) et les informations de connexion.<\/p>\n\n\n\n<p><strong>5. Quels types de donn\u00e9es personnelles sont trait\u00e9s ?<\/strong><\/p>\n\n\n\n<p>Round collecte les types de donn\u00e9es personnelles suivantes, pour autant qu\u2019elles soient d\u2019application \u00e0 votre situation :<\/p>\n\n\n\n<ul class=\"wp-block-list\">\n<li>Donn\u00e9es d\u2019identification : Nom, pr\u00e9nom<\/li>\n\n\n\n<li>Donn\u00e9es de contact : Adresse e-mail, num\u00e9ro de t\u00e9l\u00e9phone<\/li>\n\n\n\n<li>Donn\u00e9es professionnelles : Fonction, employeur<\/li>\n\n\n\n<li>Caract\u00e9ristiques personnelles : Sexe, langue<\/li>\n\n\n\n<li>Donn\u00e9es de paiement : Num\u00e9ro de compte bancaire<\/li>\n\n\n\n<li>Adresse IP, temps de consultation, localisation suppos\u00e9e de consultation, donn\u00e9es relatives au type d\u2019appareil utilis\u00e9.<\/li>\n<\/ul>\n\n\n\n<p><strong>6.&nbsp;Mes donn\u00e9es sont-elles communiqu\u00e9es \u00e0 des tiers au sein de l\u2019ue ?<\/strong><\/p>\n\n\n\n<p>Vos donn\u00e9es personnelles peuvent \u00eatre partag\u00e9es avec les types de sous-traitants d\u00e9crits \u00e0 l\u2019article 1 de cette Politique ainsi qu\u2019avec des partenaires commerciaux de Round et les autorit\u00e9s.<\/p>\n\n\n\n<p>Mis \u00e0 part dans les cas d\u00e9crits ci-dessus, vos donn\u00e9es personnelles ne sont ni vendues, ni transmises ou encore communiqu\u00e9es \u00e0 des tiers.<\/p>\n\n\n\n<p><strong>7. Quels sont mes droits ?<\/strong><\/p>\n\n\n\n<p>Vous pouvez exercer certains droits aupr\u00e8s de Round au sujet de vos donn\u00e9es personnelles pour autant que la loi applicable vous y autorise.<\/p>\n\n\n\n<p>Vous pouvez exercer ces droits en envoyant un e-mail accompagn\u00e9 d\u2019une preuve de votre identit\u00e9 \u00e0&nbsp;via&nbsp;<a href=\"mailto:sam@upragency.com\">sam@upragency.com<\/a>. Round r\u00e9pondra \u00e0 ces demandes et, selon le cas, y donnera ou non suite conform\u00e9ment \u00e0 la l\u00e9gislation applicable. Les demandes sont en principe trait\u00e9es dans un d\u00e9lai d\u2019un mois, toujours conform\u00e9ment \u00e0 la l\u00e9gislation applicable<\/p>\n\n\n\n<p>Vous avez \u00e9galement la possibilit\u00e9 de vous adresser \u00e0 l\u2019Autorit\u00e9 de Protection des Donn\u00e9es pour y d\u00e9poser une plainte (Commission vie priv\u00e9e) (<a href=\"mailto:commission@privacycommission.be\">commission@privacycommission.be<\/a>).<\/p>\n\n\n\n<p>Droit d\u2019opposition<\/p>\n\n\n\n<p>Vous avez le droit, en raison de votre situation sp\u00e9cifique, de vous opposer au traitement de vos donn\u00e9es personnelles fond\u00e9 sur l\u2019int\u00e9r\u00eat l\u00e9gitime de Round et de vous opposer au traitement de vos donn\u00e9es personnelles \u00e0 des fins de marketing.<\/p>\n\n\n\n<p>Droit d\u2019acc\u00e8s et de consultation<\/p>\n\n\n\n<p>Vous avez le droit de consulter vos donn\u00e9es personnelles et d\u2019en obtenir une copie. Vous avez \u00e9galement le droit d\u2019obtenir des informations sp\u00e9cifiques relatives au traitement de vos donn\u00e9es personnelles, entre autres les objectifs de ce traitement, les types de donn\u00e9es personnelles, les types de personnes qui y ont acc\u00e8s, \u2026<\/p>\n\n\n\n<p>Droit de rectification<\/p>\n\n\n\n<p>Vous avez le droit de faire rectifier des donn\u00e9es personnelles erron\u00e9es ou de les faire compl\u00e9ter. Vous pouvez modifier vous-m\u00eame vos donn\u00e9es dans votre profil.<\/p>\n\n\n\n<p>Droit \u00e0 l\u2019effacement des donn\u00e9es<\/p>\n\n\n\n<p>Vous avez le droit de faire effacer vos donn\u00e9es personnelles si et pour autant que :<\/p>\n\n\n\n<p>(a) vos donn\u00e9es personnelles ne soient plus n\u00e9cessaires pour atteindre les buts d\u00e9crits ci-dessus,<\/p>\n\n\n\n<p>(b) il n\u2019y ait plus de motifs \u00e0 leur traitement,<\/p>\n\n\n\n<p>(c) vous vous opposiez \u00e0 leur traitement et qu\u2019il n\u2019existe aucuns motifs justifi\u00e9s convaincants et pr\u00e9dominants \u00e0 leur traitement par Round,<\/p>\n\n\n\n<p>(d) vos donn\u00e9es personnelles aient \u00e9t\u00e9 trait\u00e9es de mani\u00e8re ill\u00e9gale, ou que<\/p>\n\n\n\n<p>(e) vos donn\u00e9es personnelles doivent \u00eatre effac\u00e9es pour satisfaire \u00e0 une obligation l\u00e9gale impos\u00e9e \u00e0 Round.<\/p>\n\n\n\n<p>Droit \u00e0 la restriction du traitement<\/p>\n\n\n\n<p>Vous avez le droit de restreindre le traitement de vos donn\u00e9es personnelles par Round si et pour autant que :<\/p>\n\n\n\n<p>(a) vous contestiez l\u2019exactitude de vos donn\u00e9es personnelles pendant une p\u00e9riode au cours de laquelle Round est en mesure d\u2019en v\u00e9rifier l\u2019exactitude,<\/p>\n\n\n\n<p>(b) le traitement soit ill\u00e9gal et que vous vous opposiez \u00e0 ce que vos donn\u00e9es personnelles soient effac\u00e9es et choisissiez plut\u00f4t d\u2019en restreindre l\u2019utilisation,<\/p>\n\n\n\n<p>(c) Round n\u2019ait plus besoin des donn\u00e9es personnelles pour atteindre ses objectifs mais que vous en ayez besoin dans le cadre d\u2019une action en justice,<\/p>\n\n\n\n<p>(d) vous vous soyez oppos\u00e9 au traitement en attendant de savoir si les motifs justifi\u00e9s de Round p\u00e8sent plus lourds que ceux de l\u2019Utilisateur ou du Visiteur.<\/p>\n\n\n\n<p>En cas de restriction de traitement, les donn\u00e9es peuvent toujours \u00eatre enregistr\u00e9es par Round.<\/p>\n\n\n\n<p>Droit \u00e0 la portabilit\u00e9 des donn\u00e9es<\/p>\n\n\n\n<p>En ce qui concerne les donn\u00e9es personnelles qui (i) sont trait\u00e9es dans le cadre de l\u2019ex\u00e9cution du contrat, (ii) sont fournies par vous-m\u00eame et (iii) sont fournies par des proc\u00e9d\u00e9s automatiques, vous avez le droit de les r\u00e9clamer aupr\u00e8s de Round et de les obtenir sous une forme structur\u00e9e, commune, lisible par une machine. Vous avez \u00e9galement le droit de transf\u00e9rer ces donn\u00e9es \u00e0 un fournisseur similaire ou de les transf\u00e9rer directement pour autant que les possibilit\u00e9s techniques le permettent.<\/p>\n\n\n\n<p><\/p>\n","protected":false},"excerpt":{"rendered":"<p>Disclaimer: Cette version est une traduction de la version n\u00e9erlandaise. En cas de diff\u00e9rences ou d\u2019incoh\u00e9rences entre les deux versions, la version n\u00e9erlandaise pr\u00e9vaut . Ce site internet ou cette application (\u00ab&nbsp;Site internet\u00ab&nbsp;) est une initiative de Round, association sans but lucratif de droit belge. En visitant et\/ou utilisant le Site internet, chaque visiteur ou [&hellip;]<\/p>\n","protected":false},"author":1,"featured_media":0,"parent":0,"menu_order":0,"comment_status":"closed","ping_status":"closed","template":"","meta":{"_acf_changed":false,"_uag_custom_page_level_css":"","footnotes":""},"class_list":["post-994","page","type-page","status-publish","hentry"],"acf":[],"yoast_head":"<!-- This site is optimized with the Yoast SEO plugin v27.4 - https:\/\/yoast.com\/product\/yoast-seo-wordpress\/ -->\n<title>Politique de confidentialit\u00e9 - Round<\/title>\n<meta name=\"robots\" content=\"index, follow, max-snippet:-1, max-image-preview:large, max-video-preview:-1\" \/>\n<link rel=\"canonical\" href=\"https:\/\/round.be\/fr-be\/confidentialite\/\" \/>\n<meta property=\"og:locale\" content=\"fr_FR\" \/>\n<meta property=\"og:type\" content=\"article\" \/>\n<meta property=\"og:title\" content=\"Politique de confidentialit\u00e9 - Round\" \/>\n<meta property=\"og:description\" content=\"Disclaimer: Cette version est une traduction de la version n\u00e9erlandaise. En cas de diff\u00e9rences ou d\u2019incoh\u00e9rences entre les deux versions, la version n\u00e9erlandaise pr\u00e9vaut . Ce site internet ou cette application (\u00ab&nbsp;Site internet\u00ab&nbsp;) est une initiative de Round, association sans but lucratif de droit belge. En visitant et\/ou utilisant le Site internet, chaque visiteur ou [&hellip;]\" \/>\n<meta property=\"og:url\" content=\"https:\/\/round.be\/fr-be\/confidentialite\/\" \/>\n<meta property=\"og:site_name\" content=\"Round\" \/>\n<meta property=\"article:modified_time\" content=\"2024-02-13T18:28:23+00:00\" \/>\n<meta name=\"twitter:card\" content=\"summary_large_image\" \/>\n<meta name=\"twitter:label1\" content=\"Dur\u00e9e de lecture est.\" \/>\n\t<meta name=\"twitter:data1\" content=\"6 minutes\" \/>\n<script type=\"application\/ld+json\" class=\"yoast-schema-graph\">{\"@context\":\"https:\\\/\\\/schema.org\",\"@graph\":[{\"@type\":\"WebPage\",\"@id\":\"https:\\\/\\\/round.be\\\/fr-be\\\/confidentialite\\\/\",\"url\":\"https:\\\/\\\/round.be\\\/fr-be\\\/confidentialite\\\/\",\"name\":\"Politique de confidentialit\u00e9 - Round\",\"isPartOf\":{\"@id\":\"https:\\\/\\\/round.be\\\/fr-be\\\/#website\"},\"datePublished\":\"2024-02-04T19:38:33+00:00\",\"dateModified\":\"2024-02-13T18:28:23+00:00\",\"breadcrumb\":{\"@id\":\"https:\\\/\\\/round.be\\\/fr-be\\\/confidentialite\\\/#breadcrumb\"},\"inLanguage\":\"fr-BE\",\"potentialAction\":[{\"@type\":\"ReadAction\",\"target\":[\"https:\\\/\\\/round.be\\\/fr-be\\\/confidentialite\\\/\"]}]},{\"@type\":\"BreadcrumbList\",\"@id\":\"https:\\\/\\\/round.be\\\/fr-be\\\/confidentialite\\\/#breadcrumb\",\"itemListElement\":[{\"@type\":\"ListItem\",\"position\":1,\"name\":\"Home\",\"item\":\"https:\\\/\\\/round.be\\\/fr-be\\\/\"},{\"@type\":\"ListItem\",\"position\":2,\"name\":\"Politique de confidentialit\u00e9\"}]},{\"@type\":\"WebSite\",\"@id\":\"https:\\\/\\\/round.be\\\/fr-be\\\/#website\",\"url\":\"https:\\\/\\\/round.be\\\/fr-be\\\/\",\"name\":\"Round\",\"description\":\"\",\"publisher\":{\"@id\":\"https:\\\/\\\/round.be\\\/fr-be\\\/#organization\"},\"potentialAction\":[{\"@type\":\"SearchAction\",\"target\":{\"@type\":\"EntryPoint\",\"urlTemplate\":\"https:\\\/\\\/round.be\\\/fr-be\\\/?s={search_term_string}\"},\"query-input\":{\"@type\":\"PropertyValueSpecification\",\"valueRequired\":true,\"valueName\":\"search_term_string\"}}],\"inLanguage\":\"fr-BE\"},{\"@type\":\"Organization\",\"@id\":\"https:\\\/\\\/round.be\\\/fr-be\\\/#organization\",\"name\":\"Round\",\"url\":\"https:\\\/\\\/round.be\\\/fr-be\\\/\",\"logo\":{\"@type\":\"ImageObject\",\"inLanguage\":\"fr-BE\",\"@id\":\"https:\\\/\\\/round.be\\\/fr-be\\\/#\\\/schema\\\/logo\\\/image\\\/\",\"url\":\"https:\\\/\\\/round.be\\\/wp-content\\\/uploads\\\/2024\\\/02\\\/5d61fbf0a075c870cbbe38f290a36dd8.png\",\"contentUrl\":\"https:\\\/\\\/round.be\\\/wp-content\\\/uploads\\\/2024\\\/02\\\/5d61fbf0a075c870cbbe38f290a36dd8.png\",\"width\":1879,\"height\":689,\"caption\":\"Round\"},\"image\":{\"@id\":\"https:\\\/\\\/round.be\\\/fr-be\\\/#\\\/schema\\\/logo\\\/image\\\/\"}}]}<\/script>\n<!-- \/ Yoast SEO plugin. -->","yoast_head_json":{"title":"Politique de confidentialit\u00e9 - Round","robots":{"index":"index","follow":"follow","max-snippet":"max-snippet:-1","max-image-preview":"max-image-preview:large","max-video-preview":"max-video-preview:-1"},"canonical":"https:\/\/round.be\/fr-be\/confidentialite\/","og_locale":"fr_FR","og_type":"article","og_title":"Politique de confidentialit\u00e9 - Round","og_description":"Disclaimer: Cette version est une traduction de la version n\u00e9erlandaise. En cas de diff\u00e9rences ou d\u2019incoh\u00e9rences entre les deux versions, la version n\u00e9erlandaise pr\u00e9vaut . Ce site internet ou cette application (\u00ab&nbsp;Site internet\u00ab&nbsp;) est une initiative de Round, association sans but lucratif de droit belge. En visitant et\/ou utilisant le Site internet, chaque visiteur ou [&hellip;]","og_url":"https:\/\/round.be\/fr-be\/confidentialite\/","og_site_name":"Round","article_modified_time":"2024-02-13T18:28:23+00:00","twitter_card":"summary_large_image","twitter_misc":{"Dur\u00e9e de lecture est.":"6 minutes"},"schema":{"@context":"https:\/\/schema.org","@graph":[{"@type":"WebPage","@id":"https:\/\/round.be\/fr-be\/confidentialite\/","url":"https:\/\/round.be\/fr-be\/confidentialite\/","name":"Politique de confidentialit\u00e9 - Round","isPartOf":{"@id":"https:\/\/round.be\/fr-be\/#website"},"datePublished":"2024-02-04T19:38:33+00:00","dateModified":"2024-02-13T18:28:23+00:00","breadcrumb":{"@id":"https:\/\/round.be\/fr-be\/confidentialite\/#breadcrumb"},"inLanguage":"fr-BE","potentialAction":[{"@type":"ReadAction","target":["https:\/\/round.be\/fr-be\/confidentialite\/"]}]},{"@type":"BreadcrumbList","@id":"https:\/\/round.be\/fr-be\/confidentialite\/#breadcrumb","itemListElement":[{"@type":"ListItem","position":1,"name":"Home","item":"https:\/\/round.be\/fr-be\/"},{"@type":"ListItem","position":2,"name":"Politique de confidentialit\u00e9"}]},{"@type":"WebSite","@id":"https:\/\/round.be\/fr-be\/#website","url":"https:\/\/round.be\/fr-be\/","name":"Round","description":"","publisher":{"@id":"https:\/\/round.be\/fr-be\/#organization"},"potentialAction":[{"@type":"SearchAction","target":{"@type":"EntryPoint","urlTemplate":"https:\/\/round.be\/fr-be\/?s={search_term_string}"},"query-input":{"@type":"PropertyValueSpecification","valueRequired":true,"valueName":"search_term_string"}}],"inLanguage":"fr-BE"},{"@type":"Organization","@id":"https:\/\/round.be\/fr-be\/#organization","name":"Round","url":"https:\/\/round.be\/fr-be\/","logo":{"@type":"ImageObject","inLanguage":"fr-BE","@id":"https:\/\/round.be\/fr-be\/#\/schema\/logo\/image\/","url":"https:\/\/round.be\/wp-content\/uploads\/2024\/02\/5d61fbf0a075c870cbbe38f290a36dd8.png","contentUrl":"https:\/\/round.be\/wp-content\/uploads\/2024\/02\/5d61fbf0a075c870cbbe38f290a36dd8.png","width":1879,"height":689,"caption":"Round"},"image":{"@id":"https:\/\/round.be\/fr-be\/#\/schema\/logo\/image\/"}}]}},"uagb_featured_image_src":{"full":false,"thumbnail":false,"medium":false,"medium_large":false,"large":false,"1536x1536":false,"2048x2048":false},"uagb_author_info":{"display_name":"admin","author_link":"https:\/\/round.be\/fr-be\/author\/agifly\/"},"uagb_comment_info":0,"uagb_excerpt":"Disclaimer: Cette version est une traduction de la version n\u00e9erlandaise. En cas de diff\u00e9rences ou d\u2019incoh\u00e9rences entre les deux versions, la version n\u00e9erlandaise pr\u00e9vaut . Ce site internet ou cette application (\u00ab&nbsp;Site internet\u00ab&nbsp;) est une initiative de Round, association sans but lucratif de droit belge. En visitant et\/ou utilisant le Site internet, chaque visiteur ou&hellip;","_links":{"self":[{"href":"https:\/\/round.be\/fr-be\/wp-json\/wp\/v2\/pages\/994","targetHints":{"allow":["GET"]}}],"collection":[{"href":"https:\/\/round.be\/fr-be\/wp-json\/wp\/v2\/pages"}],"about":[{"href":"https:\/\/round.be\/fr-be\/wp-json\/wp\/v2\/types\/page"}],"author":[{"embeddable":true,"href":"https:\/\/round.be\/fr-be\/wp-json\/wp\/v2\/users\/1"}],"replies":[{"embeddable":true,"href":"https:\/\/round.be\/fr-be\/wp-json\/wp\/v2\/comments?post=994"}],"version-history":[{"count":2,"href":"https:\/\/round.be\/fr-be\/wp-json\/wp\/v2\/pages\/994\/revisions"}],"predecessor-version":[{"id":1097,"href":"https:\/\/round.be\/fr-be\/wp-json\/wp\/v2\/pages\/994\/revisions\/1097"}],"wp:attachment":[{"href":"https:\/\/round.be\/fr-be\/wp-json\/wp\/v2\/media?parent=994"}],"curies":[{"name":"wp","href":"https:\/\/api.w.org\/{rel}","templated":true}]}}