{"id":992,"date":"2024-02-09T23:28:45","date_gmt":"2024-02-09T23:28:45","guid":{"rendered":"https:\/\/round.dev.agifly.cloud\/cookies\/"},"modified":"2024-02-13T18:29:15","modified_gmt":"2024-02-13T18:29:15","slug":"cookies","status":"publish","type":"page","link":"https:\/\/round.be\/fr-be\/cookies\/","title":{"rendered":"Cookies"},"content":{"rendered":"\n<p>Ce site web utilise des cookies. Les cookies nous permettent de personnaliser le contenu et les annonces, d&rsquo;offrir des fonctionnalit\u00e9s relatives aux m\u00e9dias sociaux et d&rsquo;analyser notre trafic. Nous partageons \u00e9galement des informations sur l&rsquo;utilisation de notre site avec nos partenaires de m\u00e9dias sociaux, de publicit\u00e9 et d&rsquo;analyse, qui peuvent combiner celles-ci avec d&rsquo;autres informations que vous leur avez fournies ou qu&rsquo;ils ont collect\u00e9es lors de votre utilisation de leurs services.<\/p>\n\n\n\n<p>Les cookies sont des petits fichiers textes qui peuvent \u00eatre utilis\u00e9s par les sites web pour rendre l&rsquo;exp\u00e9rience utilisateur plus efficace.<br><br>La loi stipule que nous ne pouvons stocker des cookies sur votre appareil que s\u2019ils sont strictement n\u00e9cessaires au fonctionnement de ce site. Pour tous les autres types de cookies, nous avons besoin de votre permission.<br><br>Ce site utilise diff\u00e9rents types de cookies. Certains cookies sont plac\u00e9s par les services tiers qui apparaissent sur nos pages.<br><br>\u00c0 tout moment, vous pouvez modifier ou retirer votre consentement d\u00e8s la D\u00e9claration relative aux cookies sur notre site web.<br><br>En savoir plus sur qui nous sommes, comment vous pouvez nous contacter et comment nous traitons les donn\u00e9es personnelles veuillez voir notre Politique confidentialit\u00e9.<br><br>Veuillez indiquer l&rsquo;identifiant de votre consentement et la date \u00e0 laquelle vous nous avez contact\u00e9s concernant votre consentement.<\/p>\n\n\n\n<p>Votre consentement s&rsquo;applique aux domaines suivants : www.round.be<\/p>\n\n\n\n<p><a href=\"https:\/\/www.valipac.be\/cookies\/\">Modifiez consentement<\/a>&nbsp;&nbsp;|&nbsp;&nbsp;<a href=\"https:\/\/www.valipac.be\/cookies\/\">Retirez consentement<\/a><\/p>\n\n\n\n<p>D\u00e9claration relative aux cookies mise \u00e0 jour le 09\/02\/2024 par&nbsp;<a href=\"https:\/\/www.cookiebot.com\/\">Cookiebot<\/a>:<\/p>\n\n\n\n<p><strong>N\u00e9cessaires (13)<\/strong><\/p>\n\n\n\n<p>Les cookies n\u00e9cessaires contribuent \u00e0 rendre un site web utilisable en activant des fonctions de base comme la navigation de page et l&rsquo;acc\u00e8s aux zones s\u00e9curis\u00e9es du site web. Le site web ne peut pas fonctionner correctement sans ces cookies.<\/p>\n\n\n\n<figure class=\"wp-block-table\"><table><tbody><tr><td><strong>Nom<\/strong><\/td><td><strong>Fournisseur<\/strong><\/td><td><strong>Finalit\u00e9<\/strong><\/td><td><strong>Expiration<\/strong><\/td><td><strong>Type<\/strong><\/td><\/tr><tr><td><strong>_grecaptcha<\/strong><\/td><td><a href=\"https:\/\/policies.google.com\/privacy\"><strong>Google<\/strong><\/a><\/td><td><strong>Ce cookie est utilis\u00e9 pour distinguer les humains des robots. Ceci est b\u00e9n\u00e9fique pour le site web afin de cr\u00e9er des rapports valides sur l&rsquo;utilisation du leur site.<\/strong><\/td><td><strong>Persistent<\/strong><\/td><td><strong>HTML Local Storage<\/strong><\/td><\/tr><tr><td><strong>_GRECAPTCHA<\/strong><\/td><td><a href=\"https:\/\/policies.google.com\/privacy\">Google<\/a><\/td><td>En attente<\/td><td>180 jours<\/td><td>HTTP Cookie<\/td><\/tr><tr><td><strong>1.gif<\/strong><\/td><td><a href=\"https:\/\/www.cookiebot.com\/goto\/privacy-policy\/\">Cookiebot<\/a><\/td><td>Utilis\u00e9 pour compter le nombre de sessions sur le site web, n\u00e9cessaire pour optimiser la livraison des produits CMP.<\/td><td>Session<\/td><td>Pixel Tracker<\/td><\/tr><tr><td><strong>CONSENT<\/strong><\/td><td><a href=\"https:\/\/policies.google.com\/privacy\">YouTube<\/a><\/td><td>Utilis\u00e9 pour d\u00e9tecter si le visiteur a accept\u00e9 la cat\u00e9gorie marketing dans la banni\u00e8re de cookie. Ce cookie est n\u00e9cessaire pour la conformit\u00e9 du site Web avec le RGPD.<\/td><td>2 ann\u00e9es<\/td><td>HTTP Cookie<\/td><\/tr><tr><td><strong>CookieConsent<\/strong><\/td><td><a href=\"https:\/\/www.cookiebot.com\/goto\/privacy-policy\/\">Cookiebot<\/a><\/td><td>Stocke l&rsquo;autorisation d&rsquo;utilisation de cookies pour le domaine actuel par l&rsquo;utilisateur<\/td><td>1 ann\u00e9e<\/td><td>HTTP Cookie<\/td><\/tr><tr><td><strong>PHPSESSID<\/strong><\/td><td>www.round.be<\/td><td>Conserve la configuration des param\u00e8tres des utilisateurs \u00e0 travers les demandes de page.<\/td><td>Session<\/td><td>HTTP Cookie<\/td><\/tr><tr><td><strong>rc::a<\/strong><\/td><td><a href=\"https:\/\/policies.google.com\/privacy\">Google<\/a><\/td><td>Ce cookie est utilis\u00e9 pour distinguer les humains des robots. Ceci est b\u00e9n\u00e9fique pour le site web afin de cr\u00e9er des rapports valides sur l&rsquo;utilisation du leur site.<\/td><td>Persistent<\/td><td>HTML Local Storage<\/td><\/tr><tr><td><strong>rc::b<\/strong><\/td><td><a href=\"https:\/\/policies.google.com\/privacy\">Google<\/a><\/td><td>Ce cookie est utilis\u00e9 pour distinguer les humains des robots.<\/td><td>Session<\/td><td>HTML Local Storage<\/td><\/tr><tr><td><strong>rc::c<\/strong><\/td><td><a href=\"https:\/\/policies.google.com\/privacy\">Google<\/a><\/td><td>Ce cookie est utilis\u00e9 pour distinguer les humains des robots.<\/td><td>Session<\/td><td>HTML Local Storage<\/td><\/tr><tr><td><strong>rc::d-15#<\/strong><\/td><td><a href=\"https:\/\/policies.google.com\/privacy\">Google<\/a><\/td><td>Ce cookie est utilis\u00e9 pour distinguer les humains des robots.<\/td><td>Persistent<\/td><td>HTML Local Storage<\/td><\/tr><tr><td><strong>rc::f<\/strong><\/td><td><a href=\"https:\/\/policies.google.com\/privacy\">Google<\/a><\/td><td>Ce cookie est utilis\u00e9 pour distinguer les humains des robots.<\/td><td>Persistent<\/td><td>HTML Local Storage<\/td><\/tr><tr><td><strong>VISITOR_PRIVACY_METADATA<\/strong><\/td><td><a href=\"https:\/\/policies.google.com\/privacy\">YouTube<\/a><\/td><td>Stocke l&rsquo;autorisation d&rsquo;utilisation de cookies pour le domaine actuel par l&rsquo;utilisateur<\/td><td>13 mois<\/td><td>HTTP Cookie<\/td><\/tr><tr><td><strong>wordpress_test_cookie<\/strong><\/td><td>www.round.be<\/td><td>Utilis\u00e9 pour v\u00e9rifier si le navigateur de l&rsquo;utilisateur accepte les cookies.<\/td><td>Session<\/td><td>HTTP Cookie<\/td><\/tr><\/tbody><\/table><\/figure>\n\n\n\n<p><strong>Pr\u00e9f\u00e9rences (2)<\/strong><\/p>\n\n\n\n<p>Les cookies de pr\u00e9f\u00e9rences permettent \u00e0 un site web de retenir des informations qui modifient la mani\u00e8re dont le site se comporte ou s\u2019affiche, comme votre langue pr\u00e9f\u00e9r\u00e9e ou la r\u00e9gion dans laquelle vous vous situez.<\/p>\n\n\n\n<figure class=\"wp-block-table\"><table><tbody><tr><td><strong>Nom<\/strong><\/td><td><strong>Fournisseur<\/strong><\/td><td><strong>Finalit\u00e9<\/strong><\/td><td><strong>Expiration<\/strong><\/td><td><strong>Type<\/strong><\/td><\/tr><tr><td><strong>_icl_visitor_lang_js<\/strong><\/td><td><strong>www.round.be<\/strong><\/td><td><strong>Enregistre la langue pr\u00e9f\u00e9r\u00e9e de l&rsquo;utilisateur sur le site.<\/strong><\/td><td><strong>1 jour<\/strong><\/td><td><strong>HTTP Cookie<\/strong><\/td><\/tr><tr><td><strong>wpml_browser_redirect_test<\/strong><\/td><td>www.round.be<\/td><td>Enregistre la langue pr\u00e9f\u00e9r\u00e9e de l&rsquo;utilisateur sur le site.<\/td><td>Session<\/td><td>HTTP Cookie<\/td><\/tr><\/tbody><\/table><\/figure>\n\n\n\n<p><strong>Statistiques (4)<\/strong><\/p>\n\n\n\n<p>Les cookies statistiques aident les propri\u00e9taires du site web, par la collecte et la communication d&rsquo;informations de mani\u00e8re anonyme, \u00e0 comprendre comment les visiteurs interagissent avec les sites web.<\/p>\n\n\n\n<figure class=\"wp-block-table\"><table><tbody><tr><td><strong>Nom<\/strong><\/td><td><strong>Fournisseur<\/strong><\/td><td><strong>Finalit\u00e9<\/strong><\/td><td><strong>Expiration<\/strong><\/td><td><strong>Type<\/strong><\/td><\/tr><tr><td><strong>_ga<\/strong><\/td><td><a href=\"https:\/\/policies.google.com\/privacy\"><strong>Google<\/strong><\/a><\/td><td><strong>Utilis\u00e9 pour envoyer des donn\u00e9es \u00e0 Google Analytics sur le p\u00e9riph\u00e9rique et le comportement du visiteur. Suit l&rsquo;internaute \u00e0 travers les appareils et les canaux de marketing.<\/strong><\/td><td><strong>2 ann\u00e9es<\/strong><\/td><td><strong>HTTP Cookie<\/strong><\/td><\/tr><tr><td><strong>_ga_#<\/strong><\/td><td><a href=\"https:\/\/policies.google.com\/privacy\">Google<\/a><\/td><td>Utilis\u00e9 pour envoyer des donn\u00e9es \u00e0 Google Analytics sur le p\u00e9riph\u00e9rique et le comportement du visiteur. Suit l&rsquo;internaute \u00e0 travers les appareils et les canaux de marketing.<\/td><td>2 ann\u00e9es<\/td><td>HTTP Cookie<\/td><\/tr><tr><td><strong>_gat<\/strong><\/td><td><a href=\"https:\/\/policies.google.com\/privacy\">Google<\/a><\/td><td>Utilis\u00e9 par Google Analytics pour diminuer radicalement le taux de requ\u00eates<\/td><td>1 jour<\/td><td>HTTP Cookie<\/td><\/tr><tr><td><strong>_gid<\/strong><\/td><td><a href=\"https:\/\/policies.google.com\/privacy\">Google<\/a><\/td><td>Enregistre un identifiant unique utilis\u00e9 pour g\u00e9n\u00e9rer des donn\u00e9es statistiques sur la fa\u00e7on dont le visiteur utilise le site.<\/td><td>1 jour<\/td><td>HTTP Cookie<\/td><\/tr><\/tbody><\/table><\/figure>\n\n\n\n<p><strong>Marketing (16)<\/strong><\/p>\n\n\n\n<p>Les cookies marketing sont utilis\u00e9s pour effectuer le suivi des visiteurs au travers des sites web. Le but est d&rsquo;afficher des publicit\u00e9s qui sont pertinentes et int\u00e9ressantes pour l&rsquo;utilisateur individuel et donc plus pr\u00e9cieuses pour les \u00e9diteurs et annonceurs tiers.<\/p>\n\n\n\n<figure class=\"wp-block-table\"><table><tbody><tr><td><strong>Nom<\/strong><\/td><td><strong>Fournisseur<\/strong><\/td><td><strong>Finalit\u00e9<\/strong><\/td><td><strong>Expiration<\/strong><\/td><td><strong>Type<\/strong><\/td><\/tr><tr><td><strong>__Secure-YEC<\/strong><\/td><td><a href=\"https:\/\/policies.google.com\/privacy\"><strong>YouTube<\/strong><\/a><\/td><td><strong>Stocke les pr\u00e9f\u00e9rences de lecture vid\u00e9o de l&rsquo;utilisateur pour les vid\u00e9os YouTube incorpor\u00e9es<\/strong><\/td><td><strong>13 mois<\/strong><\/td><td><strong>HTTP Cookie<\/strong><\/td><\/tr><tr><td><strong>ads\/ga-audiences<\/strong><\/td><td><a href=\"https:\/\/policies.google.com\/privacy\">Google<\/a><\/td><td>Used by Google AdWords to re-engage visitors that are likely to convert to customers based on the visitor&rsquo;s online behaviour across websites.<\/td><td>Session<\/td><td>Pixel Tracker<\/td><\/tr><tr><td><strong>LAST_RESULT_ENTRY_KEY<\/strong><\/td><td><a href=\"https:\/\/policies.google.com\/privacy\">YouTube<\/a><\/td><td>Utilis\u00e9 pour suivre l&rsquo;interaction de l&rsquo;utilisateur avec le contenu int\u00e9gr\u00e9.<\/td><td>Session<\/td><td>HTTP Cookie<\/td><\/tr><tr><td><strong>LogsDatabaseV2:V#||LogsRequestsStore<\/strong><\/td><td><a href=\"https:\/\/policies.google.com\/privacy\">YouTube<\/a><\/td><td>En attente<\/td><td>Persistent<\/td><td>IndexedDB<\/td><\/tr><tr><td><strong>remote_sid<\/strong><\/td><td><a href=\"https:\/\/policies.google.com\/privacy\">YouTube<\/a><\/td><td>N\u00e9cessaire pour la mise en place et le fonctionnement du contenu vid\u00e9o de YouTube sur le site web.<\/td><td>Session<\/td><td>HTTP Cookie<\/td><\/tr><tr><td><strong>TESTCOOKIESENABLED<\/strong><\/td><td><a href=\"https:\/\/policies.google.com\/privacy\">YouTube<\/a><\/td><td>Utilis\u00e9 pour suivre l&rsquo;interaction de l&rsquo;utilisateur avec le contenu int\u00e9gr\u00e9.<\/td><td>1 jour<\/td><td>HTTP Cookie<\/td><\/tr><tr><td><strong>VISITOR_INFO1_LIVE<\/strong><\/td><td><a href=\"https:\/\/policies.google.com\/privacy\">YouTube<\/a><\/td><td>En attente<\/td><td>180 jours<\/td><td>HTTP Cookie<\/td><\/tr><tr><td><strong>YSC<\/strong><\/td><td><a href=\"https:\/\/policies.google.com\/privacy\">YouTube<\/a><\/td><td>En attente<\/td><td>Session<\/td><td>HTTP Cookie<\/td><\/tr><tr><td><strong>YtIdbMeta#databases<\/strong><\/td><td><a href=\"https:\/\/policies.google.com\/privacy\">YouTube<\/a><\/td><td>Utilis\u00e9 pour suivre l&rsquo;interaction de l&rsquo;utilisateur avec le contenu int\u00e9gr\u00e9.<\/td><td>Persistent<\/td><td>IndexedDB<\/td><\/tr><tr><td><strong>yt-remote-cast-available<\/strong><\/td><td><a href=\"https:\/\/policies.google.com\/privacy\">YouTube<\/a><\/td><td>Stocke les pr\u00e9f\u00e9rences de lecture vid\u00e9o de l&rsquo;utilisateur pour les vid\u00e9os YouTube incorpor\u00e9es<\/td><td>Session<\/td><td>HTML Local Storage<\/td><\/tr><tr><td><strong>yt-remote-cast-installed<\/strong><\/td><td><a href=\"https:\/\/policies.google.com\/privacy\">YouTube<\/a><\/td><td>Stocke les pr\u00e9f\u00e9rences de lecture vid\u00e9o de l&rsquo;utilisateur pour les vid\u00e9os YouTube incorpor\u00e9es<\/td><td>Session<\/td><td>HTML Local Storage<\/td><\/tr><tr><td><strong>yt-remote-connected-devices<\/strong><\/td><td><a href=\"https:\/\/policies.google.com\/privacy\">YouTube<\/a><\/td><td>Stocke les pr\u00e9f\u00e9rences de lecture vid\u00e9o de l&rsquo;utilisateur pour les vid\u00e9os YouTube incorpor\u00e9es<\/td><td>Persistent<\/td><td>HTML Local Storage<\/td><\/tr><tr><td><strong>yt-remote-device-id<\/strong><\/td><td><a href=\"https:\/\/policies.google.com\/privacy\">YouTube<\/a><\/td><td>Stocke les pr\u00e9f\u00e9rences de lecture vid\u00e9o de l&rsquo;utilisateur pour les vid\u00e9os YouTube incorpor\u00e9es<\/td><td>Persistent<\/td><td>HTML Local Storage<\/td><\/tr><tr><td><strong>yt-remote-fast-check-period<\/strong><\/td><td><a href=\"https:\/\/policies.google.com\/privacy\">YouTube<\/a><\/td><td>Stocke les pr\u00e9f\u00e9rences de lecture vid\u00e9o de l&rsquo;utilisateur pour les vid\u00e9os YouTube incorpor\u00e9es<\/td><td>Session<\/td><td>HTML Local Storage<\/td><\/tr><tr><td><strong>yt-remote-session-app<\/strong><\/td><td><a href=\"https:\/\/policies.google.com\/privacy\">YouTube<\/a><\/td><td>Stocke les pr\u00e9f\u00e9rences de lecture vid\u00e9o de l&rsquo;utilisateur pour les vid\u00e9os YouTube incorpor\u00e9es<\/td><td>Session<\/td><td>HTML Local Storage<\/td><\/tr><tr><td><strong>yt-remote-session-name<\/strong><\/td><td><a href=\"https:\/\/policies.google.com\/privacy\">YouTube<\/a><\/td><td>Stocke les pr\u00e9f\u00e9rences de lecture vid\u00e9o de l&rsquo;utilisateur pour les vid\u00e9os YouTube incorpor\u00e9es<\/td><td>Session<\/td><td>HTML Local Storage<\/td><\/tr><\/tbody><\/table><\/figure>\n\n\n\n<p><\/p>\n","protected":false},"excerpt":{"rendered":"<p>Ce site web utilise des cookies. Les cookies nous permettent de personnaliser le contenu et les annonces, d&rsquo;offrir des fonctionnalit\u00e9s relatives aux m\u00e9dias sociaux et d&rsquo;analyser notre trafic. Nous partageons \u00e9galement des informations sur l&rsquo;utilisation de notre site avec nos partenaires de m\u00e9dias sociaux, de publicit\u00e9 et d&rsquo;analyse, qui peuvent combiner celles-ci avec d&rsquo;autres informations [&hellip;]<\/p>\n","protected":false},"author":1,"featured_media":0,"parent":0,"menu_order":0,"comment_status":"closed","ping_status":"closed","template":"","meta":{"_acf_changed":false,"_uag_custom_page_level_css":"","footnotes":""},"class_list":["post-992","page","type-page","status-publish","hentry"],"acf":[],"yoast_head":"<!-- This site is optimized with the Yoast SEO plugin v27.4 - https:\/\/yoast.com\/product\/yoast-seo-wordpress\/ -->\n<title>Cookies - Round<\/title>\n<meta name=\"robots\" content=\"index, follow, max-snippet:-1, max-image-preview:large, max-video-preview:-1\" \/>\n<link rel=\"canonical\" href=\"https:\/\/round.be\/fr-be\/cookies\/\" \/>\n<meta property=\"og:locale\" content=\"fr_FR\" \/>\n<meta property=\"og:type\" content=\"article\" \/>\n<meta property=\"og:title\" content=\"Cookies - Round\" \/>\n<meta property=\"og:description\" content=\"Ce site web utilise des cookies. Les cookies nous permettent de personnaliser le contenu et les annonces, d&rsquo;offrir des fonctionnalit\u00e9s relatives aux m\u00e9dias sociaux et d&rsquo;analyser notre trafic. Nous partageons \u00e9galement des informations sur l&rsquo;utilisation de notre site avec nos partenaires de m\u00e9dias sociaux, de publicit\u00e9 et d&rsquo;analyse, qui peuvent combiner celles-ci avec d&rsquo;autres informations [&hellip;]\" \/>\n<meta property=\"og:url\" content=\"https:\/\/round.be\/fr-be\/cookies\/\" \/>\n<meta property=\"og:site_name\" content=\"Round\" \/>\n<meta property=\"article:modified_time\" content=\"2024-02-13T18:29:15+00:00\" \/>\n<meta name=\"twitter:card\" content=\"summary_large_image\" \/>\n<meta name=\"twitter:label1\" content=\"Dur\u00e9e de lecture est.\" \/>\n\t<meta name=\"twitter:data1\" content=\"5 minutes\" \/>\n<script type=\"application\/ld+json\" class=\"yoast-schema-graph\">{\"@context\":\"https:\\\/\\\/schema.org\",\"@graph\":[{\"@type\":\"WebPage\",\"@id\":\"https:\\\/\\\/round.be\\\/fr-be\\\/cookies\\\/\",\"url\":\"https:\\\/\\\/round.be\\\/fr-be\\\/cookies\\\/\",\"name\":\"Cookies - Round\",\"isPartOf\":{\"@id\":\"https:\\\/\\\/round.be\\\/fr-be\\\/#website\"},\"datePublished\":\"2024-02-09T23:28:45+00:00\",\"dateModified\":\"2024-02-13T18:29:15+00:00\",\"breadcrumb\":{\"@id\":\"https:\\\/\\\/round.be\\\/fr-be\\\/cookies\\\/#breadcrumb\"},\"inLanguage\":\"fr-BE\",\"potentialAction\":[{\"@type\":\"ReadAction\",\"target\":[\"https:\\\/\\\/round.be\\\/fr-be\\\/cookies\\\/\"]}]},{\"@type\":\"BreadcrumbList\",\"@id\":\"https:\\\/\\\/round.be\\\/fr-be\\\/cookies\\\/#breadcrumb\",\"itemListElement\":[{\"@type\":\"ListItem\",\"position\":1,\"name\":\"Home\",\"item\":\"https:\\\/\\\/round.be\\\/fr-be\\\/\"},{\"@type\":\"ListItem\",\"position\":2,\"name\":\"Cookies\"}]},{\"@type\":\"WebSite\",\"@id\":\"https:\\\/\\\/round.be\\\/fr-be\\\/#website\",\"url\":\"https:\\\/\\\/round.be\\\/fr-be\\\/\",\"name\":\"Round\",\"description\":\"\",\"publisher\":{\"@id\":\"https:\\\/\\\/round.be\\\/fr-be\\\/#organization\"},\"potentialAction\":[{\"@type\":\"SearchAction\",\"target\":{\"@type\":\"EntryPoint\",\"urlTemplate\":\"https:\\\/\\\/round.be\\\/fr-be\\\/?s={search_term_string}\"},\"query-input\":{\"@type\":\"PropertyValueSpecification\",\"valueRequired\":true,\"valueName\":\"search_term_string\"}}],\"inLanguage\":\"fr-BE\"},{\"@type\":\"Organization\",\"@id\":\"https:\\\/\\\/round.be\\\/fr-be\\\/#organization\",\"name\":\"Round\",\"url\":\"https:\\\/\\\/round.be\\\/fr-be\\\/\",\"logo\":{\"@type\":\"ImageObject\",\"inLanguage\":\"fr-BE\",\"@id\":\"https:\\\/\\\/round.be\\\/fr-be\\\/#\\\/schema\\\/logo\\\/image\\\/\",\"url\":\"https:\\\/\\\/round.be\\\/wp-content\\\/uploads\\\/2024\\\/02\\\/5d61fbf0a075c870cbbe38f290a36dd8.png\",\"contentUrl\":\"https:\\\/\\\/round.be\\\/wp-content\\\/uploads\\\/2024\\\/02\\\/5d61fbf0a075c870cbbe38f290a36dd8.png\",\"width\":1879,\"height\":689,\"caption\":\"Round\"},\"image\":{\"@id\":\"https:\\\/\\\/round.be\\\/fr-be\\\/#\\\/schema\\\/logo\\\/image\\\/\"}}]}<\/script>\n<!-- \/ Yoast SEO plugin. -->","yoast_head_json":{"title":"Cookies - Round","robots":{"index":"index","follow":"follow","max-snippet":"max-snippet:-1","max-image-preview":"max-image-preview:large","max-video-preview":"max-video-preview:-1"},"canonical":"https:\/\/round.be\/fr-be\/cookies\/","og_locale":"fr_FR","og_type":"article","og_title":"Cookies - Round","og_description":"Ce site web utilise des cookies. Les cookies nous permettent de personnaliser le contenu et les annonces, d&rsquo;offrir des fonctionnalit\u00e9s relatives aux m\u00e9dias sociaux et d&rsquo;analyser notre trafic. Nous partageons \u00e9galement des informations sur l&rsquo;utilisation de notre site avec nos partenaires de m\u00e9dias sociaux, de publicit\u00e9 et d&rsquo;analyse, qui peuvent combiner celles-ci avec d&rsquo;autres informations [&hellip;]","og_url":"https:\/\/round.be\/fr-be\/cookies\/","og_site_name":"Round","article_modified_time":"2024-02-13T18:29:15+00:00","twitter_card":"summary_large_image","twitter_misc":{"Dur\u00e9e de lecture est.":"5 minutes"},"schema":{"@context":"https:\/\/schema.org","@graph":[{"@type":"WebPage","@id":"https:\/\/round.be\/fr-be\/cookies\/","url":"https:\/\/round.be\/fr-be\/cookies\/","name":"Cookies - Round","isPartOf":{"@id":"https:\/\/round.be\/fr-be\/#website"},"datePublished":"2024-02-09T23:28:45+00:00","dateModified":"2024-02-13T18:29:15+00:00","breadcrumb":{"@id":"https:\/\/round.be\/fr-be\/cookies\/#breadcrumb"},"inLanguage":"fr-BE","potentialAction":[{"@type":"ReadAction","target":["https:\/\/round.be\/fr-be\/cookies\/"]}]},{"@type":"BreadcrumbList","@id":"https:\/\/round.be\/fr-be\/cookies\/#breadcrumb","itemListElement":[{"@type":"ListItem","position":1,"name":"Home","item":"https:\/\/round.be\/fr-be\/"},{"@type":"ListItem","position":2,"name":"Cookies"}]},{"@type":"WebSite","@id":"https:\/\/round.be\/fr-be\/#website","url":"https:\/\/round.be\/fr-be\/","name":"Round","description":"","publisher":{"@id":"https:\/\/round.be\/fr-be\/#organization"},"potentialAction":[{"@type":"SearchAction","target":{"@type":"EntryPoint","urlTemplate":"https:\/\/round.be\/fr-be\/?s={search_term_string}"},"query-input":{"@type":"PropertyValueSpecification","valueRequired":true,"valueName":"search_term_string"}}],"inLanguage":"fr-BE"},{"@type":"Organization","@id":"https:\/\/round.be\/fr-be\/#organization","name":"Round","url":"https:\/\/round.be\/fr-be\/","logo":{"@type":"ImageObject","inLanguage":"fr-BE","@id":"https:\/\/round.be\/fr-be\/#\/schema\/logo\/image\/","url":"https:\/\/round.be\/wp-content\/uploads\/2024\/02\/5d61fbf0a075c870cbbe38f290a36dd8.png","contentUrl":"https:\/\/round.be\/wp-content\/uploads\/2024\/02\/5d61fbf0a075c870cbbe38f290a36dd8.png","width":1879,"height":689,"caption":"Round"},"image":{"@id":"https:\/\/round.be\/fr-be\/#\/schema\/logo\/image\/"}}]}},"uagb_featured_image_src":{"full":false,"thumbnail":false,"medium":false,"medium_large":false,"large":false,"1536x1536":false,"2048x2048":false},"uagb_author_info":{"display_name":"admin","author_link":"https:\/\/round.be\/fr-be\/author\/agifly\/"},"uagb_comment_info":0,"uagb_excerpt":"Ce site web utilise des cookies. Les cookies nous permettent de personnaliser le contenu et les annonces, d&rsquo;offrir des fonctionnalit\u00e9s relatives aux m\u00e9dias sociaux et d&rsquo;analyser notre trafic. Nous partageons \u00e9galement des informations sur l&rsquo;utilisation de notre site avec nos partenaires de m\u00e9dias sociaux, de publicit\u00e9 et d&rsquo;analyse, qui peuvent combiner celles-ci avec d&rsquo;autres informations&hellip;","_links":{"self":[{"href":"https:\/\/round.be\/fr-be\/wp-json\/wp\/v2\/pages\/992","targetHints":{"allow":["GET"]}}],"collection":[{"href":"https:\/\/round.be\/fr-be\/wp-json\/wp\/v2\/pages"}],"about":[{"href":"https:\/\/round.be\/fr-be\/wp-json\/wp\/v2\/types\/page"}],"author":[{"embeddable":true,"href":"https:\/\/round.be\/fr-be\/wp-json\/wp\/v2\/users\/1"}],"replies":[{"embeddable":true,"href":"https:\/\/round.be\/fr-be\/wp-json\/wp\/v2\/comments?post=992"}],"version-history":[{"count":2,"href":"https:\/\/round.be\/fr-be\/wp-json\/wp\/v2\/pages\/992\/revisions"}],"predecessor-version":[{"id":1099,"href":"https:\/\/round.be\/fr-be\/wp-json\/wp\/v2\/pages\/992\/revisions\/1099"}],"wp:attachment":[{"href":"https:\/\/round.be\/fr-be\/wp-json\/wp\/v2\/media?parent=992"}],"curies":[{"name":"wp","href":"https:\/\/api.w.org\/{rel}","templated":true}]}}