{"id":1666,"date":"2025-11-01T08:47:50","date_gmt":"2025-11-01T08:47:50","guid":{"rendered":"https:\/\/round.be\/round-e-commerce-platform\/"},"modified":"2025-12-19T10:26:57","modified_gmt":"2025-12-19T10:26:57","slug":"round-e-commerce-platform","status":"publish","type":"page","link":"https:\/\/round.be\/fr-be\/round-e-commerce-platform\/","title":{"rendered":"Plateforme e-commerce de Round"},"content":{"rendered":"\n<p class=\"has-text-align-center has-accent-2-color has-text-color has-link-color has-x-large-font-size wp-elements-f5e59d9eb749ea7ce343831676d63752\"><strong><strong><strong>Une solution centrale pour l\u2019\u00e9change s\u00e9curis\u00e9 de donn\u00e9es entre REP belges et plateformes de e-commerce<\/strong><\/strong><\/strong><\/p>\n\n\n\n<div style=\"height:25px\" aria-hidden=\"true\" class=\"wp-block-spacer\"><\/div>\n\n\n\n<div class=\"wp-block-uagb-buttons uagb-buttons__outer-wrap uagb-btn__extralarge-btn uagb-btn-tablet__default-btn uagb-btn-mobile__default-btn uagb-block-85dd77ff\"><div class=\"uagb-buttons__wrap uagb-buttons-layout-wrap\">\n<div class=\"wp-block-uagb-buttons-child uagb-buttons__outer-wrap uagb-block-de14037e wp-block-button\"><div class=\"uagb-button__wrapper\"><a class=\"uagb-buttons-repeater wp-block-button__link\" aria-label=\"\" href=\"https:\/\/portal.register.round.be\/login\" rel=\"follow noopener\" target=\"_blank\"><div class=\"uagb-button__link\">Vers la plateforme<\/div><span class=\"uagb-button__icon uagb-button__icon-position-after\"><svg xmlns=\"https:\/\/www.w3.org\/2000\/svg\" viewBox=\"0 0 448 512\" aria-hidden=\"true\" focussable=\"false\"><path d=\"M438.6 278.6l-160 160C272.4 444.9 264.2 448 256 448s-16.38-3.125-22.62-9.375c-12.5-12.5-12.5-32.75 0-45.25L338.8 288H32C14.33 288 .0016 273.7 .0016 256S14.33 224 32 224h306.8l-105.4-105.4c-12.5-12.5-12.5-32.75 0-45.25s32.75-12.5 45.25 0l160 160C451.1 245.9 451.1 266.1 438.6 278.6z\"><\/path><\/svg><\/span><\/a><\/div><\/div>\n<\/div><\/div>\n\n\n\n<div style=\"height:25px\" aria-hidden=\"true\" class=\"wp-block-spacer\"><\/div>\n\n\n\n<div class=\"wp-block-columns is-layout-flex wp-container-core-columns-is-layout-28f84493 wp-block-columns-is-layout-flex\">\n<div class=\"wp-block-column is-layout-flow wp-block-column-is-layout-flow\" style=\"flex-basis:33.33%\">\n<div class=\"wp-block-uagb-image aligncenter uagb-block-ae22cfe8 wp-block-uagb-image--layout-default wp-block-uagb-image--effect-static wp-block-uagb-image--align-center\"><figure class=\"wp-block-uagb-image__figure\"><img decoding=\"async\" srcset=\"https:\/\/round.be\/wp-content\/uploads\/2025\/11\/Design-sans-titre.png ,https:\/\/round.be\/wp-content\/uploads\/2025\/11\/Design-sans-titre.png 780w, https:\/\/round.be\/wp-content\/uploads\/2025\/11\/Design-sans-titre.png 360w\" sizes=\"auto, (max-width: 480px) 150px\" src=\"https:\/\/round.be\/wp-content\/uploads\/2025\/11\/Design-sans-titre.png\" alt=\"\" class=\"uag-image-1683\" width=\"800\" height=\"800\" title=\"Design sans titre\" loading=\"lazy\" role=\"img\"\/><\/figure><\/div>\n<\/div>\n\n\n\n<div class=\"wp-block-column is-vertically-aligned-center is-layout-flow wp-block-column-is-layout-flow\" style=\"flex-basis:66.66%\">\n<p class=\"has-x-large-font-size\" id=\"block-26be0133-de61-4752-b9bc-f259cdac3b66\"><strong>Une initiative pour une conformit\u00e9 simplifi\u00e9e<\/strong><\/p>\n\n\n\n<p class=\"has-contrast-color has-text-color has-link-color wp-elements-a2e019fe6f023bcb8d49c2a1e12ae5d1\">La plateforme E-commerce de Round est une solution nationale visant \u00e0 faciliter l\u2019\u00e9change automatis\u00e9, s\u00fbr et cibl\u00e9 de donn\u00e9es administratives entre les&nbsp;organisations belges de responsabilit\u00e9 \u00e9largie des producteurs (REP\/PRO)&nbsp;et les&nbsp;places de march\u00e9 en ligne.<\/p>\n\n\n\n<p class=\"has-contrast-color has-text-color has-link-color wp-elements-237edb487effd82b9f10f43f0717a53a\">Ce syst\u00e8me permet aux acteurs de se conformer efficacement aux obligations l\u00e9gales en mati\u00e8re de responsabilit\u00e9 des producteurs, telles que d\u00e9finies dans&nbsp;le Vlarema (Flandre)&nbsp;et&nbsp;l&rsquo;Accord de coop\u00e9ration interr\u00e9gional sur la REP, tout en respectant la confidentialit\u00e9 des donn\u00e9es.<\/p>\n<\/div>\n<\/div>\n\n\n\n<div class=\"wp-block-columns is-layout-flex wp-container-core-columns-is-layout-28f84493 wp-block-columns-is-layout-flex\">\n<div class=\"wp-block-column is-vertically-aligned-center is-layout-flow wp-block-column-is-layout-flow\" style=\"flex-basis:66.66%\">\n<p class=\"has-x-large-font-size\"><strong><strong>Objectifs de la plateforme<\/strong><\/strong><\/p>\n\n\n\n<ul class=\"wp-block-list\">\n<li>Conformit\u00e9 simplifi\u00e9e&nbsp;: v\u00e9rification instantan\u00e9e des affiliations des vendeurs et producteurs.<\/li>\n\n\n\n<li>Protection des donn\u00e9es&nbsp;: aucune donn\u00e9e personnelle partag\u00e9e, toutes les requ\u00eates sont anonymis\u00e9es.<\/li>\n\n\n\n<li>Efficacit\u00e9 digitale&nbsp;: un connecteur unique via interface ou API pour automatiser les v\u00e9rifications.<\/li>\n<\/ul>\n<\/div>\n\n\n\n<div class=\"wp-block-column is-layout-flow wp-block-column-is-layout-flow\" style=\"flex-basis:33.33%\">\n<div class=\"wp-block-uagb-image uagb-block-5db6e0f6 wp-block-uagb-image--layout-default wp-block-uagb-image--effect-static wp-block-uagb-image--align-none\"><figure class=\"wp-block-uagb-image__figure\"><img decoding=\"async\" srcset=\"https:\/\/round.be\/wp-content\/uploads\/2025\/11\/Design-sans-titre-1.png ,https:\/\/round.be\/wp-content\/uploads\/2025\/11\/Design-sans-titre-1.png 780w, https:\/\/round.be\/wp-content\/uploads\/2025\/11\/Design-sans-titre-1.png 360w\" sizes=\"auto, (max-width: 480px) 150px\" src=\"https:\/\/round.be\/wp-content\/uploads\/2025\/11\/Design-sans-titre-1.png\" alt=\"\" class=\"uag-image-1713\" width=\"800\" height=\"800\" title=\"Design sans titre (1)\" loading=\"lazy\" role=\"img\"\/><\/figure><\/div>\n<\/div>\n<\/div>\n\n\n\n<div class=\"wp-block-uagb-info-box uagb-block-36430b51 uagb-infobox__content-wrap  uagb-infobox-icon-below-title uagb-infobox-image-valign-top\"><div class=\"uagb-ifb-content\"><div class=\"uagb-ifb-title-wrap\"><h3 class=\"uagb-ifb-title\">Comment \u00e7a marche ?<\/h3><\/div><p class=\"uagb-ifb-desc\">Les plateformes de vente peuvent interroger le syst\u00e8me via un num\u00e9ro de TVA ou un num\u00e9ro d\u2019affiliation.<br>La plateforme e-commerce de Round r\u00e9pond uniquement par les \u00e9l\u00e9ments essentiels : num\u00e9ro de TVA europ\u00e9en, code de la REP, num\u00e9ro d\u2019affiliation du producteur, cat\u00e9gorie de produit et p\u00e9riode de validit\u00e9 de l&rsquo;affiliation.<\/p><\/div><\/div>\n\n\n\n<div class=\"wp-block-uagb-container uagb-block-cb8e40dd alignfull uagb-is-root-container\"><div class=\"uagb-container-inner-blocks-wrap\">\n<p class=\"has-accent-2-color has-text-color has-link-color has-urbanist-font-family has-x-large-font-size wp-elements-5dab73135e77ffc7be6f1e22fa16ca85\" style=\"border-style:none;border-width:0px;padding-top:0;padding-bottom:0\"><strong><strong>S\u00e9curit\u00e9 et contr\u00f4le d\u2019acc\u00e8s rigoureux<\/strong><\/strong><\/p>\n\n\n\n<p>L\u2019acc\u00e8s \u00e0 la plateforme e-commerce de Round est strictement r\u00e9glement\u00e9 :<\/p>\n\n\n\n<ul class=\"wp-block-list\">\n<li>les&nbsp;REP&nbsp;ne peuvent g\u00e9rer que leurs propres donn\u00e9es ;<\/li>\n\n\n\n<li>les&nbsp;plateformes&nbsp;ne peuvent qu\u2019interroger le syst\u00e8me pour v\u00e9rifier une affiliation ;<\/li>\n\n\n\n<li>aucun acteur ne peut t\u00e9l\u00e9charger l\u2019ensemble de la base.<\/li>\n<\/ul>\n\n\n\n<p class=\"has-text-align-left\">Toutes les connexions sont&nbsp;authentifi\u00e9es, chiffr\u00e9es et enregistr\u00e9es&nbsp;\u00e0 des fins d\u2019audit, sans compromettre la politique de minimisation des donn\u00e9es.<\/p>\n<\/div><\/div>\n\n\n\n<div class=\"wp-block-uagb-container uagb-block-d936e00a alignfull uagb-is-root-container\"><div class=\"uagb-container-inner-blocks-wrap\">\n<div class=\"wp-block-uagb-container uagb-block-7735f744\">\n<div class=\"wp-block-uagb-image uagb-block-27b9d2ce wp-block-uagb-image--layout-default wp-block-uagb-image--effect-static wp-block-uagb-image--align-none\"><figure class=\"wp-block-uagb-image__figure\"><img decoding=\"async\" srcset=\"https:\/\/round.be\/wp-content\/uploads\/2025\/11\/Design-sans-titre-2.png ,https:\/\/round.be\/wp-content\/uploads\/2025\/11\/Design-sans-titre-2.png 780w, https:\/\/round.be\/wp-content\/uploads\/2025\/11\/Design-sans-titre-2.png 360w\" sizes=\"auto, (max-width: 480px) 150px\" src=\"https:\/\/round.be\/wp-content\/uploads\/2025\/11\/Design-sans-titre-2.png\" alt=\"\" class=\"uag-image-1710\" width=\"800\" height=\"800\" title=\"Design sans titre (2)\" loading=\"lazy\" role=\"img\"\/><\/figure><\/div>\n<\/div>\n\n\n\n<div class=\"wp-block-uagb-container uagb-block-437d5065\">\n<p class=\"has-text-align-left has-x-large-font-size\"><strong><strong><strong>Un outil pour tous les acteurs du march\u00e9 belge<\/strong><\/strong><\/strong><\/p>\n\n\n\n<ul class=\"wp-block-list\">\n<li>Pour les REP&nbsp;: un canal uniforme et s\u00e9curis\u00e9 pour diffuser leurs donn\u00e9es et contr\u00f4ler les adh\u00e9sions.<\/li>\n\n\n\n<li>Pour les places de march\u00e9 en ligne : une v\u00e9rification automatis\u00e9e, sans manipulation de donn\u00e9es sensibles.<\/li>\n\n\n\n<li>Pour les autorit\u00e9s&nbsp;: une solution transparente et interop\u00e9rable soutenant la conformit\u00e9 nationale.<\/li>\n<\/ul>\n<\/div>\n<\/div><\/div>\n\n\n\n<div style=\"height:29px\" aria-hidden=\"true\" class=\"wp-block-spacer\"><\/div>\n\n\n\n<div class=\"wp-block-uagb-buttons uagb-buttons__outer-wrap uagb-btn__extralarge-btn uagb-btn-tablet__default-btn uagb-btn-mobile__default-btn uagb-block-3b6830d8\"><div class=\"uagb-buttons__wrap uagb-buttons-layout-wrap\">\n<div class=\"wp-block-uagb-buttons-child uagb-buttons__outer-wrap uagb-block-aa6d363a wp-block-button\"><div class=\"uagb-button__wrapper\"><a class=\"uagb-buttons-repeater wp-block-button__link\" aria-label=\"\" href=\"https:\/\/portal.register.round.be\/login\" rel=\"follow noopener\" target=\"_blank\"><div class=\"uagb-button__link\">Vers la plateforme<\/div><span class=\"uagb-button__icon uagb-button__icon-position-after\"><svg xmlns=\"https:\/\/www.w3.org\/2000\/svg\" viewBox=\"0 0 448 512\" aria-hidden=\"true\" focussable=\"false\"><path d=\"M438.6 278.6l-160 160C272.4 444.9 264.2 448 256 448s-16.38-3.125-22.62-9.375c-12.5-12.5-12.5-32.75 0-45.25L338.8 288H32C14.33 288 .0016 273.7 .0016 256S14.33 224 32 224h306.8l-105.4-105.4c-12.5-12.5-12.5-32.75 0-45.25s32.75-12.5 45.25 0l160 160C451.1 245.9 451.1 266.1 438.6 278.6z\"><\/path><\/svg><\/span><\/a><\/div><\/div>\n\n\n\n<div class=\"wp-block-uagb-buttons-child uagb-buttons__outer-wrap uagb-block-ea385cc5 wp-block-button\"><div class=\"uagb-button__wrapper\"><a class=\"uagb-buttons-repeater wp-block-button__link\" aria-label=\"\" href=\"https:\/\/round.be\/nl\/faqs-e-commerce-platform\/\" rel=\"follow noopener\" target=\"_blank\"><div class=\"uagb-button__link\">Consultez nos FAQ&rsquo;s<\/div><span class=\"uagb-button__icon uagb-button__icon-position-after\"><svg xmlns=\"https:\/\/www.w3.org\/2000\/svg\" viewBox=\"0 0 448 512\" aria-hidden=\"true\" focussable=\"false\"><path d=\"M438.6 278.6l-160 160C272.4 444.9 264.2 448 256 448s-16.38-3.125-22.62-9.375c-12.5-12.5-12.5-32.75 0-45.25L338.8 288H32C14.33 288 .0016 273.7 .0016 256S14.33 224 32 224h306.8l-105.4-105.4c-12.5-12.5-12.5-32.75 0-45.25s32.75-12.5 45.25 0l160 160C451.1 245.9 451.1 266.1 438.6 278.6z\"><\/path><\/svg><\/span><\/a><\/div><\/div>\n<\/div><\/div>\n\n\n\n<div style=\"height:40px\" aria-hidden=\"true\" class=\"wp-block-spacer\"><\/div>\n\n\n\n<div class=\"wp-block-uagb-blockquote uagb-block-ca1c8053 uagb-blockquote__skin-border uagb-blockquote__with-tweet uagb-blockquote__tweet-style-classic uagb-blockquote__tweet-icon_text uagb-blockquote__stack-img-none\"><blockquote class=\"uagb-blockquote\"><div class=\"uagb-blockquote__content\"><strong>Une initiative au service de la conformit\u00e9 et de la transparence<\/strong><br>La plateforme e-commerce de Round d\u00e9montre l\u2019engagement du secteur belge vers\u00a0une \u00e9conomie circulaire num\u00e9rique\u00a0fond\u00e9e sur la\u00a0collaboration, la s\u00e9curit\u00e9 et la simplification administrative.<br>Elle constitue un levier essentiel pour renforcer la conformit\u00e9 environnementale tout en soutenant la comp\u00e9titivit\u00e9 du commerce en ligne.<\/div><footer><div class=\"uagb-blockquote__author-wrap uagb-blockquote__author-at-left\"><cite class=\"uagb-blockquote__author\">Francis Huysman, pr\u00e9sident de Round<\/cite><\/div><a href=\"\/\" class=\"uagb-blockquote__tweet-button\" target=\"_blank\" rel=\"noopener noreferrer\"><svg width=\"20\" height=\"20\" viewBox=\"0 0 512 512\"><path d=\"M459.37 151.716c.325 4.548.325 9.097.325 13.645 0 138.72-105.583 298.558-298.558 298.558-59.452 0-114.68-17.219-161.137-47.106 8.447.974 16.568 1.299 25.34 1.299 49.055 0 94.213-16.568 130.274-44.832-46.132-.975-84.792-31.188-98.112-72.772 6.498.974 12.995 1.624 19.818 1.624 9.421 0 18.843-1.3 27.614-3.573-48.081-9.747-84.143-51.98-84.143-102.985v-1.299c13.969 7.797 30.214 12.67 47.431 13.319-28.264-18.843-46.781-51.005-46.781-87.391 0-19.492 5.197-37.36 14.294-52.954 51.655 63.675 129.3 105.258 216.365 109.807-1.624-7.797-2.599-15.918-2.599-24.04 0-57.828 46.782-104.934 104.934-104.934 30.213 0 57.502 12.67 76.67 33.137 23.715-4.548 46.456-13.32 66.599-25.34-7.798 24.366-24.366 44.833-46.132 57.827 21.117-2.273 41.584-8.122 60.426-16.243-14.292 20.791-32.161 39.308-52.628 54.253z\"><\/path><\/svg>Tweet<\/a><\/footer><\/blockquote><\/div>\n","protected":false},"excerpt":{"rendered":"<p>Une solution centrale pour l\u2019\u00e9change s\u00e9curis\u00e9 de donn\u00e9es entre REP belges et plateformes de e-commerce Une initiative pour une conformit\u00e9 simplifi\u00e9e La plateforme E-commerce de Round est une solution nationale visant \u00e0 faciliter l\u2019\u00e9change automatis\u00e9, s\u00fbr et cibl\u00e9 de donn\u00e9es administratives entre les&nbsp;organisations belges de responsabilit\u00e9 \u00e9largie des producteurs (REP\/PRO)&nbsp;et les&nbsp;places de march\u00e9 en ligne. [&hellip;]<\/p>\n","protected":false},"author":2,"featured_media":1694,"parent":0,"menu_order":0,"comment_status":"closed","ping_status":"closed","template":"","meta":{"_acf_changed":false,"_uag_custom_page_level_css":"","footnotes":""},"class_list":["post-1666","page","type-page","status-publish","has-post-thumbnail","hentry"],"acf":[],"yoast_head":"<!-- This site is optimized with the Yoast SEO plugin v27.4 - https:\/\/yoast.com\/product\/yoast-seo-wordpress\/ -->\n<title>Plateforme e-commerce de Round - Round<\/title>\n<meta name=\"robots\" content=\"index, follow, max-snippet:-1, max-image-preview:large, max-video-preview:-1\" \/>\n<link rel=\"canonical\" href=\"https:\/\/round.be\/fr-be\/round-e-commerce-platform\/\" \/>\n<meta property=\"og:locale\" content=\"fr_FR\" \/>\n<meta property=\"og:type\" content=\"article\" \/>\n<meta property=\"og:title\" content=\"Plateforme e-commerce de Round - Round\" \/>\n<meta property=\"og:description\" content=\"Une solution centrale pour l\u2019\u00e9change s\u00e9curis\u00e9 de donn\u00e9es entre REP belges et plateformes de e-commerce Une initiative pour une conformit\u00e9 simplifi\u00e9e La plateforme E-commerce de Round est une solution nationale visant \u00e0 faciliter l\u2019\u00e9change automatis\u00e9, s\u00fbr et cibl\u00e9 de donn\u00e9es administratives entre les&nbsp;organisations belges de responsabilit\u00e9 \u00e9largie des producteurs (REP\/PRO)&nbsp;et les&nbsp;places de march\u00e9 en ligne. [&hellip;]\" \/>\n<meta property=\"og:url\" content=\"https:\/\/round.be\/fr-be\/round-e-commerce-platform\/\" \/>\n<meta property=\"og:site_name\" content=\"Round\" \/>\n<meta property=\"article:modified_time\" content=\"2025-12-19T10:26:57+00:00\" \/>\n<meta property=\"og:image\" content=\"https:\/\/round.be\/wp-content\/uploads\/2025\/11\/E-commerce-header-1.png\" \/>\n\t<meta property=\"og:image:width\" content=\"800\" \/>\n\t<meta property=\"og:image:height\" content=\"200\" \/>\n\t<meta property=\"og:image:type\" content=\"image\/png\" \/>\n<meta name=\"twitter:card\" content=\"summary_large_image\" \/>\n<meta name=\"twitter:label1\" content=\"Dur\u00e9e de lecture est.\" \/>\n\t<meta name=\"twitter:data1\" content=\"3 minutes\" \/>\n<script type=\"application\/ld+json\" class=\"yoast-schema-graph\">{\"@context\":\"https:\\\/\\\/schema.org\",\"@graph\":[{\"@type\":\"WebPage\",\"@id\":\"https:\\\/\\\/round.be\\\/fr-be\\\/round-e-commerce-platform\\\/\",\"url\":\"https:\\\/\\\/round.be\\\/fr-be\\\/round-e-commerce-platform\\\/\",\"name\":\"Plateforme e-commerce de Round - Round\",\"isPartOf\":{\"@id\":\"https:\\\/\\\/round.be\\\/fr-be\\\/#website\"},\"primaryImageOfPage\":{\"@id\":\"https:\\\/\\\/round.be\\\/fr-be\\\/round-e-commerce-platform\\\/#primaryimage\"},\"image\":{\"@id\":\"https:\\\/\\\/round.be\\\/fr-be\\\/round-e-commerce-platform\\\/#primaryimage\"},\"thumbnailUrl\":\"https:\\\/\\\/round.be\\\/wp-content\\\/uploads\\\/2025\\\/11\\\/E-commerce-header-1.png\",\"datePublished\":\"2025-11-01T08:47:50+00:00\",\"dateModified\":\"2025-12-19T10:26:57+00:00\",\"breadcrumb\":{\"@id\":\"https:\\\/\\\/round.be\\\/fr-be\\\/round-e-commerce-platform\\\/#breadcrumb\"},\"inLanguage\":\"fr-BE\",\"potentialAction\":[{\"@type\":\"ReadAction\",\"target\":[\"https:\\\/\\\/round.be\\\/fr-be\\\/round-e-commerce-platform\\\/\"]}]},{\"@type\":\"ImageObject\",\"inLanguage\":\"fr-BE\",\"@id\":\"https:\\\/\\\/round.be\\\/fr-be\\\/round-e-commerce-platform\\\/#primaryimage\",\"url\":\"https:\\\/\\\/round.be\\\/wp-content\\\/uploads\\\/2025\\\/11\\\/E-commerce-header-1.png\",\"contentUrl\":\"https:\\\/\\\/round.be\\\/wp-content\\\/uploads\\\/2025\\\/11\\\/E-commerce-header-1.png\",\"width\":800,\"height\":200},{\"@type\":\"BreadcrumbList\",\"@id\":\"https:\\\/\\\/round.be\\\/fr-be\\\/round-e-commerce-platform\\\/#breadcrumb\",\"itemListElement\":[{\"@type\":\"ListItem\",\"position\":1,\"name\":\"Home\",\"item\":\"https:\\\/\\\/round.be\\\/fr-be\\\/\"},{\"@type\":\"ListItem\",\"position\":2,\"name\":\"Plateforme e-commerce de Round\"}]},{\"@type\":\"WebSite\",\"@id\":\"https:\\\/\\\/round.be\\\/fr-be\\\/#website\",\"url\":\"https:\\\/\\\/round.be\\\/fr-be\\\/\",\"name\":\"Round\",\"description\":\"\",\"publisher\":{\"@id\":\"https:\\\/\\\/round.be\\\/fr-be\\\/#organization\"},\"potentialAction\":[{\"@type\":\"SearchAction\",\"target\":{\"@type\":\"EntryPoint\",\"urlTemplate\":\"https:\\\/\\\/round.be\\\/fr-be\\\/?s={search_term_string}\"},\"query-input\":{\"@type\":\"PropertyValueSpecification\",\"valueRequired\":true,\"valueName\":\"search_term_string\"}}],\"inLanguage\":\"fr-BE\"},{\"@type\":\"Organization\",\"@id\":\"https:\\\/\\\/round.be\\\/fr-be\\\/#organization\",\"name\":\"Round\",\"url\":\"https:\\\/\\\/round.be\\\/fr-be\\\/\",\"logo\":{\"@type\":\"ImageObject\",\"inLanguage\":\"fr-BE\",\"@id\":\"https:\\\/\\\/round.be\\\/fr-be\\\/#\\\/schema\\\/logo\\\/image\\\/\",\"url\":\"https:\\\/\\\/round.be\\\/wp-content\\\/uploads\\\/2024\\\/02\\\/5d61fbf0a075c870cbbe38f290a36dd8.png\",\"contentUrl\":\"https:\\\/\\\/round.be\\\/wp-content\\\/uploads\\\/2024\\\/02\\\/5d61fbf0a075c870cbbe38f290a36dd8.png\",\"width\":1879,\"height\":689,\"caption\":\"Round\"},\"image\":{\"@id\":\"https:\\\/\\\/round.be\\\/fr-be\\\/#\\\/schema\\\/logo\\\/image\\\/\"}}]}<\/script>\n<!-- \/ Yoast SEO plugin. -->","yoast_head_json":{"title":"Plateforme e-commerce de Round - Round","robots":{"index":"index","follow":"follow","max-snippet":"max-snippet:-1","max-image-preview":"max-image-preview:large","max-video-preview":"max-video-preview:-1"},"canonical":"https:\/\/round.be\/fr-be\/round-e-commerce-platform\/","og_locale":"fr_FR","og_type":"article","og_title":"Plateforme e-commerce de Round - Round","og_description":"Une solution centrale pour l\u2019\u00e9change s\u00e9curis\u00e9 de donn\u00e9es entre REP belges et plateformes de e-commerce Une initiative pour une conformit\u00e9 simplifi\u00e9e La plateforme E-commerce de Round est une solution nationale visant \u00e0 faciliter l\u2019\u00e9change automatis\u00e9, s\u00fbr et cibl\u00e9 de donn\u00e9es administratives entre les&nbsp;organisations belges de responsabilit\u00e9 \u00e9largie des producteurs (REP\/PRO)&nbsp;et les&nbsp;places de march\u00e9 en ligne. [&hellip;]","og_url":"https:\/\/round.be\/fr-be\/round-e-commerce-platform\/","og_site_name":"Round","article_modified_time":"2025-12-19T10:26:57+00:00","og_image":[{"width":800,"height":200,"url":"https:\/\/round.be\/wp-content\/uploads\/2025\/11\/E-commerce-header-1.png","type":"image\/png"}],"twitter_card":"summary_large_image","twitter_misc":{"Dur\u00e9e de lecture est.":"3 minutes"},"schema":{"@context":"https:\/\/schema.org","@graph":[{"@type":"WebPage","@id":"https:\/\/round.be\/fr-be\/round-e-commerce-platform\/","url":"https:\/\/round.be\/fr-be\/round-e-commerce-platform\/","name":"Plateforme e-commerce de Round - Round","isPartOf":{"@id":"https:\/\/round.be\/fr-be\/#website"},"primaryImageOfPage":{"@id":"https:\/\/round.be\/fr-be\/round-e-commerce-platform\/#primaryimage"},"image":{"@id":"https:\/\/round.be\/fr-be\/round-e-commerce-platform\/#primaryimage"},"thumbnailUrl":"https:\/\/round.be\/wp-content\/uploads\/2025\/11\/E-commerce-header-1.png","datePublished":"2025-11-01T08:47:50+00:00","dateModified":"2025-12-19T10:26:57+00:00","breadcrumb":{"@id":"https:\/\/round.be\/fr-be\/round-e-commerce-platform\/#breadcrumb"},"inLanguage":"fr-BE","potentialAction":[{"@type":"ReadAction","target":["https:\/\/round.be\/fr-be\/round-e-commerce-platform\/"]}]},{"@type":"ImageObject","inLanguage":"fr-BE","@id":"https:\/\/round.be\/fr-be\/round-e-commerce-platform\/#primaryimage","url":"https:\/\/round.be\/wp-content\/uploads\/2025\/11\/E-commerce-header-1.png","contentUrl":"https:\/\/round.be\/wp-content\/uploads\/2025\/11\/E-commerce-header-1.png","width":800,"height":200},{"@type":"BreadcrumbList","@id":"https:\/\/round.be\/fr-be\/round-e-commerce-platform\/#breadcrumb","itemListElement":[{"@type":"ListItem","position":1,"name":"Home","item":"https:\/\/round.be\/fr-be\/"},{"@type":"ListItem","position":2,"name":"Plateforme e-commerce de Round"}]},{"@type":"WebSite","@id":"https:\/\/round.be\/fr-be\/#website","url":"https:\/\/round.be\/fr-be\/","name":"Round","description":"","publisher":{"@id":"https:\/\/round.be\/fr-be\/#organization"},"potentialAction":[{"@type":"SearchAction","target":{"@type":"EntryPoint","urlTemplate":"https:\/\/round.be\/fr-be\/?s={search_term_string}"},"query-input":{"@type":"PropertyValueSpecification","valueRequired":true,"valueName":"search_term_string"}}],"inLanguage":"fr-BE"},{"@type":"Organization","@id":"https:\/\/round.be\/fr-be\/#organization","name":"Round","url":"https:\/\/round.be\/fr-be\/","logo":{"@type":"ImageObject","inLanguage":"fr-BE","@id":"https:\/\/round.be\/fr-be\/#\/schema\/logo\/image\/","url":"https:\/\/round.be\/wp-content\/uploads\/2024\/02\/5d61fbf0a075c870cbbe38f290a36dd8.png","contentUrl":"https:\/\/round.be\/wp-content\/uploads\/2024\/02\/5d61fbf0a075c870cbbe38f290a36dd8.png","width":1879,"height":689,"caption":"Round"},"image":{"@id":"https:\/\/round.be\/fr-be\/#\/schema\/logo\/image\/"}}]}},"uagb_featured_image_src":{"full":["https:\/\/round.be\/wp-content\/uploads\/2025\/11\/E-commerce-header-1.png",800,200,false],"thumbnail":["https:\/\/round.be\/wp-content\/uploads\/2025\/11\/E-commerce-header-1-150x150.png",150,150,true],"medium":["https:\/\/round.be\/wp-content\/uploads\/2025\/11\/E-commerce-header-1-300x75.png",300,75,true],"medium_large":["https:\/\/round.be\/wp-content\/uploads\/2025\/11\/E-commerce-header-1-768x192.png",768,192,true],"large":["https:\/\/round.be\/wp-content\/uploads\/2025\/11\/E-commerce-header-1.png",800,200,false],"1536x1536":["https:\/\/round.be\/wp-content\/uploads\/2025\/11\/E-commerce-header-1.png",800,200,false],"2048x2048":["https:\/\/round.be\/wp-content\/uploads\/2025\/11\/E-commerce-header-1.png",800,200,false]},"uagb_author_info":{"display_name":"Ingrid Bouchez","author_link":"https:\/\/round.be\/fr-be\/author\/ingrid-bouchez\/"},"uagb_comment_info":0,"uagb_excerpt":"Une solution centrale pour l\u2019\u00e9change s\u00e9curis\u00e9 de donn\u00e9es entre REP belges et plateformes de e-commerce Une initiative pour une conformit\u00e9 simplifi\u00e9e La plateforme E-commerce de Round est une solution nationale visant \u00e0 faciliter l\u2019\u00e9change automatis\u00e9, s\u00fbr et cibl\u00e9 de donn\u00e9es administratives entre les&nbsp;organisations belges de responsabilit\u00e9 \u00e9largie des producteurs (REP\/PRO)&nbsp;et les&nbsp;places de march\u00e9 en ligne.&hellip;","_links":{"self":[{"href":"https:\/\/round.be\/fr-be\/wp-json\/wp\/v2\/pages\/1666","targetHints":{"allow":["GET"]}}],"collection":[{"href":"https:\/\/round.be\/fr-be\/wp-json\/wp\/v2\/pages"}],"about":[{"href":"https:\/\/round.be\/fr-be\/wp-json\/wp\/v2\/types\/page"}],"author":[{"embeddable":true,"href":"https:\/\/round.be\/fr-be\/wp-json\/wp\/v2\/users\/2"}],"replies":[{"embeddable":true,"href":"https:\/\/round.be\/fr-be\/wp-json\/wp\/v2\/comments?post=1666"}],"version-history":[{"count":13,"href":"https:\/\/round.be\/fr-be\/wp-json\/wp\/v2\/pages\/1666\/revisions"}],"predecessor-version":[{"id":1787,"href":"https:\/\/round.be\/fr-be\/wp-json\/wp\/v2\/pages\/1666\/revisions\/1787"}],"wp:featuredmedia":[{"embeddable":true,"href":"https:\/\/round.be\/fr-be\/wp-json\/wp\/v2\/media\/1694"}],"wp:attachment":[{"href":"https:\/\/round.be\/fr-be\/wp-json\/wp\/v2\/media?parent=1666"}],"curies":[{"name":"wp","href":"https:\/\/api.w.org\/{rel}","templated":true}]}}